{"id":10907,"date":"2018-03-08T17:53:17","date_gmt":"2018-03-08T16:53:17","guid":{"rendered":"http:\/\/www.trattoriavaleria.it\/sl\/relax2\/"},"modified":"2018-03-26T20:43:59","modified_gmt":"2018-03-26T18:43:59","slug":"relax2","status":"publish","type":"page","link":"https:\/\/www.trattoriavaleria.it\/sl\/relax2\/","title":{"rendered":"RELAX2"},"content":{"rendered":"[vc_row fullwidth=&#8221;true&#8221; parallax=&#8221;content-moving&#8221; parallax_image=&#8221;10374&#8243; css=&#8221;.vc_custom_1520528944101{margin-top: 0px !important;margin-bottom: 60px !important;padding-top: 150px !important;padding-bottom: 150px !important;}&#8221;][vc_column][\/vc_column][\/vc_row][vc_row css=&#8221;.vc_custom_1489152786882{padding-bottom: 60px !important;}&#8221;][vc_column width=&#8221;1\/4&#8243;][vc_column_text]\n<h1>relax, kultura in tipi\u010dna hrana<\/h1>\n<h2>#TrattoriaHotelValeria<\/h2>\n[\/vc_column_text][\/vc_column][vc_column width=&#8221;3\/4&#8243;][vc_column_text]\n<p align=\"center\"><span style=\"font-family: Calibri, sans-serif;\"><span style=\"font-size: large;\"><i><b>TRATTORIA HOTEL VALERIA relax, kultura in tipi\u010da hrana \u2026..<\/b><\/i><\/span><\/span><\/p>\n<p align=\"center\"><span style=\"font-family: Calibri, sans-serif;\"><span style=\"font-size: large;\"><i>sprostite se in u\u017eivajte Trst, \u010dudovito mesto katerega boste z lahkoto vzljubili in spoznali, da kultura in dobra hrana se lepo ujemata<\/i><\/span><\/span><\/p>\n<p align=\"center\"><span style=\"font-family: Calibri, sans-serif;\"><span style=\"font-size: large;\"><i><b>samo \u20ac 45,00.- <\/b><b>po osebi<\/b><b> na no<\/b><b>\u010d<\/b><b> v dvoposteljni sobi <\/b><\/i><\/span><\/span><\/p>\n<p align=\"center\"><span style=\"font-family: Calibri, sans-serif;\"><span style=\"font-size: large;\"><i>z obilnim bifejskim zajtrkom z zna\u010dilnimi krajevnimi jedmi doma\u010de izdelave <\/i><\/span><\/span><\/p>\n<p align=\"center\"><span style=\"font-family: Calibri, sans-serif;\"><span style=\"font-size: large;\"><i>parkri\u0161\u010de<\/i><\/span><\/span><\/p>\n<p align=\"center\"><span style=\"font-family: Calibri, sans-serif;\"><span style=\"font-size: large;\"><i>WI-FI povezava<\/i><\/span><\/span><\/p>\n<p align=\"center\"><span style=\"font-family: Calibri, sans-serif;\"><span style=\"font-size: large;\"><i>+<\/i><\/span><\/span><\/p>\n<p align=\"center\"><span style=\"font-family: Calibri, sans-serif;\"><span style=\"font-size: large;\"><i><b>dobrodo\u0161lica z na\u0161im tipi\u010dnem aperitivom \u201cValeria\u201d<\/b><\/i><\/span><\/span><\/p>\n<p align=\"center\"><span style=\"font-family: Calibri, sans-serif;\"><span style=\"font-size: large;\"><i>po \u017eelji DEGUSTACIJSKI MENI \u20ac 50,00 po osebi s poku\u0161njami vina ali \u20ac 30,00,- brez pija\u010de<\/i><\/span><\/span><\/p>\n<p align=\"center\"><span style=\"font-family: Calibri, sans-serif;\"><span style=\"font-size: large;\"><i><b>REZERVIRAJTE IN Z VESELJEM BOMO POSKREBELI ZA VAS<\/b><\/i><\/span><\/span><\/p>\n<p align=\"center\"><span style=\"font-family: Calibri, sans-serif;\"><span style=\"font-size: medium;\"><i>(ponudba veljavna od 05\/03\/2018 do 29\/03\/2018)<\/i><\/span><\/span><\/p>\n[\/vc_column_text][\/vc_column][\/vc_row][vc_row equal_columns=&#8221;true&#8221;][vc_column width=&#8221;1\/4&#8243;][\/vc_column][vc_column width=&#8221;1\/4&#8243;][vc_single_image image=&#8221;10891&#8243; img_size=&#8221;400&#215;400&#8243;][\/vc_column][vc_column width=&#8221;1\/4&#8243;][vc_single_image image=&#8221;10736&#8243; img_size=&#8221;400&#215;400&#8243;][\/vc_column][vc_column width=&#8221;1\/4&#8243; css=&#8221;.vc_custom_1487948402575{background-position: center !important;background-repeat: no-repeat !important;background-size: cover !important;}&#8221;][vc_single_image image=&#8221;10890&#8243; img_size=&#8221;400&#215;400&#8243;][\/vc_column][\/vc_row][vc_row equal_columns=&#8221;true&#8221;][vc_column width=&#8221;1\/4&#8243;][\/vc_column][vc_column width=&#8221;3\/4&#8243;][vc_single_image image=&#8221;10729&#8243; img_size=&#8221;full&#8221; css=&#8221;.vc_custom_1510314607397{margin-bottom: 0px !important;}&#8221;][\/vc_column][\/vc_row][vc_row equal_columns=&#8221;true&#8221;][vc_column width=&#8221;1\/4&#8243;][\/vc_column][vc_column width=&#8221;3\/4&#8243;][vc_row_inner][vc_column_inner][vc_empty_space height=&#8221;30px&#8221;][vc_text_separator title=&#8221;Richiedi disponibilit\u00e0&#8221; color=&#8221;black&#8221; el_class=&#8221;prenotazione&#8221;][mk_title_box font_family=&#8221;none&#8221;]Za rezervacijo izpolni obrazec[\/mk_title_box][\/vc_column_inner][\/vc_row_inner]\n<div class=\"wpcf7 no-js\" id=\"wpcf7-f10631-o1\" lang=\"it-IT\" dir=\"ltr\" data-wpcf7-id=\"10631\">\n<div class=\"screen-reader-response\"><p role=\"status\" aria-live=\"polite\" aria-atomic=\"true\"><\/p> <ul><\/ul><\/div>\n<form action=\"\/sl\/wp-json\/wp\/v2\/pages\/10907#wpcf7-f10631-o1\" method=\"post\" class=\"wpcf7-form init\" aria-label=\"Modulo di contatto\" novalidate=\"novalidate\" data-status=\"init\">\n<fieldset class=\"hidden-fields-container\"><input type=\"hidden\" name=\"_wpcf7\" value=\"10631\" \/><input type=\"hidden\" name=\"_wpcf7_version\" value=\"6.1.3\" \/><input type=\"hidden\" name=\"_wpcf7_locale\" value=\"it_IT\" \/><input type=\"hidden\" name=\"_wpcf7_unit_tag\" value=\"wpcf7-f10631-o1\" \/><input type=\"hidden\" name=\"_wpcf7_container_post\" value=\"0\" \/><input type=\"hidden\" name=\"_wpcf7_posted_data_hash\" value=\"\" \/><input type=\"hidden\" name=\"_wpcf7_recaptcha_response\" value=\"\" \/>\n<\/fieldset>\n<p><label> <span class=\"wpcf7-form-control-wrap\" data-name=\"your-name\"><input size=\"40\" maxlength=\"400\" class=\"wpcf7-form-control wpcf7-text wpcf7-validates-as-required\" aria-required=\"true\" aria-invalid=\"false\" placeholder=\"Ime\" value=\"\" type=\"text\" name=\"your-name\" \/><\/span> <\/label><br \/>\n<label> <span class=\"wpcf7-form-control-wrap\" data-name=\"your-email\"><input size=\"40\" maxlength=\"400\" class=\"wpcf7-form-control wpcf7-email wpcf7-validates-as-required wpcf7-text wpcf7-validates-as-email\" aria-required=\"true\" aria-invalid=\"false\" placeholder=\"E-po\u0161ta\" value=\"\" type=\"email\" name=\"your-email\" \/><\/span> <\/label><br \/>\n<label> <span class=\"wpcf7-form-control-wrap\" data-name=\"your-tel\"><input size=\"40\" maxlength=\"400\" class=\"wpcf7-form-control wpcf7-tel wpcf7-validates-as-required wpcf7-text wpcf7-validates-as-tel\" aria-required=\"true\" aria-invalid=\"false\" placeholder=\"Telefon\" value=\"\" type=\"tel\" name=\"your-tel\" \/><\/span> <\/label>\n<\/p>\n<div style=\"display:inline-block;float:left;width:50%;\">\n\t<p><span class=\"wpcf7-form-control-wrap\" data-name=\"number-630\"><input class=\"wpcf7-form-control wpcf7-number wpcf7-validates-as-number\" aria-invalid=\"false\" placeholder=\"\u0160tevilo oseb\" value=\"\" type=\"number\" name=\"number-630\" \/><\/span>\n\t<\/p>\n<\/div>\n<div style=\"display:inline-block;float:left;width:50%;\">\n\t<p><span class=\"wpcf7-form-control-wrap\" data-name=\"number-632\"><input class=\"wpcf7-form-control wpcf7-number wpcf7-validates-as-number\" aria-invalid=\"false\" placeholder=\"\u0160tevilo sob\" value=\"\" type=\"number\" name=\"number-632\" \/><\/span>\n\t<\/p>\n<\/div>\n<div style=\"display:inline-block;float:left;width:50%;\">\n\t<p>Od\n\t<\/p>\n<\/div>\n<div style=\"display:inline-block;float:left;width:50%;\">\n\t<p>do\n\t<\/p>\n<\/div>\n<div style=\"display:inline-block;float:left;width:50%;\">\n\t<p><span class=\"wpcf7-form-control-wrap\" data-name=\"date-958\"><input class=\"wpcf7-form-control wpcf7-date wpcf7-validates-as-date\" aria-invalid=\"false\" placeholder=\"Od\" value=\"\" type=\"date\" name=\"date-958\" \/><\/span>\n\t<\/p>\n<\/div>\n<div style=\"display:inline-block;float:left;width:50%;\">\n\t<p><span class=\"wpcf7-form-control-wrap\" data-name=\"date-959\"><input class=\"wpcf7-form-control wpcf7-date wpcf7-validates-as-date\" aria-invalid=\"false\" placeholder=\"do\" value=\"\" type=\"date\" name=\"date-959\" \/><\/span>\n\t<\/p>\n<\/div>\n<p><label> hai richieste particolari?<br \/>\n<span class=\"wpcf7-form-control-wrap\" data-name=\"your-message\"><input size=\"40\" maxlength=\"400\" class=\"wpcf7-form-control wpcf7-text\" aria-invalid=\"false\" placeholder=\"Sporo\u010dilo\" value=\"\" type=\"text\" name=\"your-message\" \/><\/span> <\/label>\n<\/p>\n<p><input class=\"wpcf7-form-control wpcf7-submit has-spinner\" type=\"submit\" value=\"Po\u0161lji\" \/>\n<\/p><div class=\"wpcf7-response-output\" aria-hidden=\"true\"><\/div>\n<\/form>\n<\/div>\n[\/vc_column][\/vc_row][vc_row][vc_column][vc_empty_space][\/vc_column][\/vc_row]\n","protected":false},"excerpt":{"rendered":"<p>[vc_row fullwidth=&#8221;true&#8221; parallax=&#8221;content-moving&#8221; parallax_image=&#8221;10374&#8243; css=&#8221;.vc_custom_1520528944101{margin-top: 0px !important;margin-bottom: 60px !important;padding-top: 150px !important;padding-bottom: 150px !important;}&#8221;][vc_column][\/vc_column][\/vc_row][vc_row css=&#8221;.vc_custom_1489152786882{padding-bottom: 60px !important;}&#8221;][vc_column width=&#8221;1\/4&#8243;][vc_column_text] relax, kultura in tipi\u010dna hrana #TrattoriaHotelValeria [\/vc_column_text][\/vc_column][vc_column width=&#8221;3\/4&#8243;][vc_column_text] TRATTORIA HOTEL VALERIA relax, kultura in tipi\u010da hrana \u2026.. sprostite se in u\u017eivajte Trst, \u010dudovito mesto katerega boste z lahkoto vzljubili in spoznali, da kultura in dobra hrana se lepo [&hellip;]<\/p>\n","protected":false},"author":3,"featured_media":0,"parent":0,"menu_order":0,"comment_status":"closed","ping_status":"closed","template":"","meta":{"_monsterinsights_skip_tracking":false,"_monsterinsights_sitenote_active":false,"_monsterinsights_sitenote_note":"","_monsterinsights_sitenote_category":0,"footnotes":""},"class_list":["post-10907","page","type-page","status-publish","hentry"],"_links":{"self":[{"href":"https:\/\/www.trattoriavaleria.it\/sl\/wp-json\/wp\/v2\/pages\/10907","targetHints":{"allow":["GET"]}}],"collection":[{"href":"https:\/\/www.trattoriavaleria.it\/sl\/wp-json\/wp\/v2\/pages"}],"about":[{"href":"https:\/\/www.trattoriavaleria.it\/sl\/wp-json\/wp\/v2\/types\/page"}],"author":[{"embeddable":true,"href":"https:\/\/www.trattoriavaleria.it\/sl\/wp-json\/wp\/v2\/users\/3"}],"replies":[{"embeddable":true,"href":"https:\/\/www.trattoriavaleria.it\/sl\/wp-json\/wp\/v2\/comments?post=10907"}],"version-history":[{"count":6,"href":"https:\/\/www.trattoriavaleria.it\/sl\/wp-json\/wp\/v2\/pages\/10907\/revisions"}],"predecessor-version":[{"id":10943,"href":"https:\/\/www.trattoriavaleria.it\/sl\/wp-json\/wp\/v2\/pages\/10907\/revisions\/10943"}],"wp:attachment":[{"href":"https:\/\/www.trattoriavaleria.it\/sl\/wp-json\/wp\/v2\/media?parent=10907"}],"curies":[{"name":"wp","href":"https:\/\/api.w.org\/{rel}","templated":true}]}}