{"id":10655,"date":"2017-04-13T10:09:32","date_gmt":"2017-04-13T08:09:32","guid":{"rendered":"http:\/\/www.trattoriavaleria.it\/?page_id=10655&#038;lang=sl"},"modified":"2019-07-10T12:30:35","modified_gmt":"2019-07-10T10:30:35","slug":"kontakti","status":"publish","type":"page","link":"https:\/\/www.trattoriavaleria.it\/sl\/kontakti\/","title":{"rendered":"Kontakti"},"content":{"rendered":"[vc_row][vc_column width=&#8221;1\/4&#8243;][vc_column_text]\n<h1>KONTAKTI<\/h1>\n[\/vc_column_text][\/vc_column][vc_column width=&#8221;2\/4&#8243;][vc_gmaps link=&#8221;#E-8_JTNDaWZyYW1lJTIwc3JjJTNEJTIyaHR0cHMlM0ElMkYlMkZ3d3cuZ29vZ2xlLmNvbSUyRm1hcHMlMkZlbWJlZCUzRnBiJTNEJTIxMW0xOCUyMTFtMTIlMjExbTMlMjExZDY5NjAuMTA2NTg3MDQ0Njg4JTIxMmQxMy43ODcxMjY1Nzg1NTY5MTElMjEzZDQ1LjY4ODEzMTgxNDI2NTc4JTIxMm0zJTIxMWYwJTIxMmYwJTIxM2YwJTIxM20yJTIxMWkxMDI0JTIxMmk3NjglMjE0ZjEzLjElMjEzbTMlMjExbTIlMjExczB4NDc3YjE0Yjc2MWUyN2Y4OSUyNTNBMHhjNTBiMGJiOTk0Mzc1OTZlJTIxMnNTdHIuJTJCcGVyJTJCVmllbm5hJTI1MkMlMkI1MiUyNTJDJTJCMzQxNTElMkJPcGljaW5hJTJCVFMlMjE1ZTAlMjEzbTIlMjExc2l0JTIxMnNpdCUyMTR2MTQ4OTk5ODkyMzM5OSUyMiUyMHdpZHRoJTNEJTIyNjAwJTIyJTIwaGVpZ2h0JTNEJTIyNTM1JTIyJTIwZnJhbWVib3JkZXIlM0QlMjIwJTIyJTIwc3R5bGUlM0QlMjJib3JkZXIlM0EwJTIyJTIwYWxsb3dmdWxsc2NyZWVuJTNFJTNDJTJGaWZyYW1lJTNF&#8221; size=&#8221;535&#8243;][\/vc_column][vc_column width=&#8221;1\/4&#8243;][vc_column_text]<strong>Gostilna Valerija 1904<\/strong><br \/>\n<em>Restavracija &amp; hotel<\/em><\/p>\n<p>Dunajska cesta 52<br \/>\n34151 Op\u010dine TRST<br \/>\n<a href=\"tel:00390409220286\">+39 040 9220286<br \/>\n<\/a><a href=\"tel:+393791253565\">+39 379 1253565\u00a0<\/a><br \/>\n<a href=\"mailto:info@trattoriavaleria.it\">info@trattoriavaleria.it<\/a>[\/vc_column_text]\n<div class=\"wpcf7 no-js\" id=\"wpcf7-f10630-o1\" lang=\"it-IT\" dir=\"ltr\" data-wpcf7-id=\"10630\">\n<div class=\"screen-reader-response\"><p role=\"status\" aria-live=\"polite\" aria-atomic=\"true\"><\/p> <ul><\/ul><\/div>\n<form action=\"\/sl\/wp-json\/wp\/v2\/pages\/10655#wpcf7-f10630-o1\" method=\"post\" class=\"wpcf7-form init\" aria-label=\"Modulo di contatto\" novalidate=\"novalidate\" data-status=\"init\">\n<fieldset class=\"hidden-fields-container\"><input type=\"hidden\" name=\"_wpcf7\" value=\"10630\" \/><input type=\"hidden\" name=\"_wpcf7_version\" value=\"6.1.3\" \/><input type=\"hidden\" name=\"_wpcf7_locale\" value=\"it_IT\" \/><input type=\"hidden\" name=\"_wpcf7_unit_tag\" value=\"wpcf7-f10630-o1\" \/><input type=\"hidden\" name=\"_wpcf7_container_post\" value=\"0\" \/><input type=\"hidden\" name=\"_wpcf7_posted_data_hash\" value=\"\" \/><input type=\"hidden\" name=\"_wpcf7_recaptcha_response\" value=\"\" \/>\n<\/fieldset>\n<p><label> <span class=\"wpcf7-form-control-wrap\" data-name=\"your-name\"><input size=\"40\" maxlength=\"400\" class=\"wpcf7-form-control wpcf7-text wpcf7-validates-as-required\" aria-required=\"true\" aria-invalid=\"false\" value=\"Tvoje ime\" type=\"text\" name=\"your-name\" \/><\/span> <\/label>\n<\/p>\n<p><label> <span class=\"wpcf7-form-control-wrap\" data-name=\"your-email\"><input size=\"40\" maxlength=\"400\" class=\"wpcf7-form-control wpcf7-email wpcf7-validates-as-required wpcf7-text wpcf7-validates-as-email\" aria-required=\"true\" aria-invalid=\"false\" value=\"E \u2013po\u0161ta\" type=\"email\" name=\"your-email\" \/><\/span> <\/label>\n<\/p>\n<p><label> <span class=\"wpcf7-form-control-wrap\" data-name=\"your-subject\"><input size=\"40\" maxlength=\"400\" class=\"wpcf7-form-control wpcf7-text\" aria-invalid=\"false\" value=\"Predmet\" type=\"text\" name=\"your-subject\" \/><\/span> <\/label>\n<\/p>\n<p><label> <span class=\"wpcf7-form-control-wrap\" data-name=\"your-message\"><textarea cols=\"40\" rows=\"10\" maxlength=\"2000\" class=\"wpcf7-form-control wpcf7-textarea\" aria-invalid=\"false\" name=\"your-message\">Tvoje sporo\u010dilo<\/textarea><\/span> <\/label>\n<\/p>\n<p><input class=\"wpcf7-form-control wpcf7-submit has-spinner\" type=\"submit\" value=\"PO\u0160LJI\" \/>\n<\/p><div class=\"wpcf7-response-output\" aria-hidden=\"true\"><\/div>\n<\/form>\n<\/div>\n[\/vc_column][\/vc_row][vc_row][vc_column width=&#8221;1\/4&#8243;][\/vc_column][vc_column width=&#8221;3\/4&#8243;][vc_column_text margin_bottom=&#8221;20&#8243;]\n<h3>SODELUJ Z NAMI<\/h3>\n<p><span lang=\"sl-SI\">\u010ce se \u017eeli\u0161 pridru\u017eiti na\u0161i ekipi<\/span><b> <\/b><span lang=\"sl-SI\">in deliti z na\u0161o dru\u017eino svojo predanost delu, vzpostavi stik z nami. Po\u0161lji nam svoj elektronski naslov na candidatura@trattoriavaleria.it. Navedi svoje delovne izku\u0161nje in tudi, kak\u0161ne zadol\u017eitve bi bil pripravljen prevzeti in kdaj bi \u017eelel za\u010deti z delom.<\/span>[\/vc_column_text][\/vc_column][\/vc_row]\n","protected":false},"excerpt":{"rendered":"<p>[vc_row][vc_column width=&#8221;1\/4&#8243;][vc_column_text] KONTAKTI [\/vc_column_text][\/vc_column][vc_column width=&#8221;2\/4&#8243;][vc_gmaps link=&#8221;#E-8_JTNDaWZyYW1lJTIwc3JjJTNEJTIyaHR0cHMlM0ElMkYlMkZ3d3cuZ29vZ2xlLmNvbSUyRm1hcHMlMkZlbWJlZCUzRnBiJTNEJTIxMW0xOCUyMTFtMTIlMjExbTMlMjExZDY5NjAuMTA2NTg3MDQ0Njg4JTIxMmQxMy43ODcxMjY1Nzg1NTY5MTElMjEzZDQ1LjY4ODEzMTgxNDI2NTc4JTIxMm0zJTIxMWYwJTIxMmYwJTIxM2YwJTIxM20yJTIxMWkxMDI0JTIxMmk3NjglMjE0ZjEzLjElMjEzbTMlMjExbTIlMjExczB4NDc3YjE0Yjc2MWUyN2Y4OSUyNTNBMHhjNTBiMGJiOTk0Mzc1OTZlJTIxMnNTdHIuJTJCcGVyJTJCVmllbm5hJTI1MkMlMkI1MiUyNTJDJTJCMzQxNTElMkJPcGljaW5hJTJCVFMlMjE1ZTAlMjEzbTIlMjExc2l0JTIxMnNpdCUyMTR2MTQ4OTk5ODkyMzM5OSUyMiUyMHdpZHRoJTNEJTIyNjAwJTIyJTIwaGVpZ2h0JTNEJTIyNTM1JTIyJTIwZnJhbWVib3JkZXIlM0QlMjIwJTIyJTIwc3R5bGUlM0QlMjJib3JkZXIlM0EwJTIyJTIwYWxsb3dmdWxsc2NyZWVuJTNFJTNDJTJGaWZyYW1lJTNF&#8221; size=&#8221;535&#8243;][\/vc_column][vc_column width=&#8221;1\/4&#8243;][vc_column_text]Gostilna Valerija 1904 Restavracija &amp; hotel Dunajska cesta 52 34151 Op\u010dine TRST +39 040 9220286 +39 379 1253565\u00a0 info@trattoriavaleria.it[\/vc_column_text][\/vc_column][\/vc_row][vc_row][vc_column width=&#8221;1\/4&#8243;][\/vc_column][vc_column width=&#8221;3\/4&#8243;][vc_column_text margin_bottom=&#8221;20&#8243;] SODELUJ Z NAMI \u010ce se \u017eeli\u0161 pridru\u017eiti na\u0161i ekipi in deliti z na\u0161o dru\u017eino svojo predanost delu, vzpostavi stik z nami. Po\u0161lji nam svoj elektronski naslov [&hellip;]<\/p>\n","protected":false},"author":1,"featured_media":0,"parent":0,"menu_order":0,"comment_status":"closed","ping_status":"closed","template":"","meta":{"_monsterinsights_skip_tracking":false,"_monsterinsights_sitenote_active":false,"_monsterinsights_sitenote_note":"","_monsterinsights_sitenote_category":0,"footnotes":""},"class_list":["post-10655","page","type-page","status-publish","hentry"],"_links":{"self":[{"href":"https:\/\/www.trattoriavaleria.it\/sl\/wp-json\/wp\/v2\/pages\/10655","targetHints":{"allow":["GET"]}}],"collection":[{"href":"https:\/\/www.trattoriavaleria.it\/sl\/wp-json\/wp\/v2\/pages"}],"about":[{"href":"https:\/\/www.trattoriavaleria.it\/sl\/wp-json\/wp\/v2\/types\/page"}],"author":[{"embeddable":true,"href":"https:\/\/www.trattoriavaleria.it\/sl\/wp-json\/wp\/v2\/users\/1"}],"replies":[{"embeddable":true,"href":"https:\/\/www.trattoriavaleria.it\/sl\/wp-json\/wp\/v2\/comments?post=10655"}],"version-history":[{"count":3,"href":"https:\/\/www.trattoriavaleria.it\/sl\/wp-json\/wp\/v2\/pages\/10655\/revisions"}],"predecessor-version":[{"id":10960,"href":"https:\/\/www.trattoriavaleria.it\/sl\/wp-json\/wp\/v2\/pages\/10655\/revisions\/10960"}],"wp:attachment":[{"href":"https:\/\/www.trattoriavaleria.it\/sl\/wp-json\/wp\/v2\/media?parent=10655"}],"curies":[{"name":"wp","href":"https:\/\/api.w.org\/{rel}","templated":true}]}}