{"id":10652,"date":"2017-04-13T10:07:14","date_gmt":"2017-04-13T08:07:14","guid":{"rendered":"http:\/\/www.trattoriavaleria.it\/?page_id=10652&#038;lang=sl"},"modified":"2022-01-12T15:56:11","modified_gmt":"2022-01-12T14:56:11","slug":"kras-in-njegova-okolica","status":"publish","type":"page","link":"https:\/\/www.trattoriavaleria.it\/sl\/kras-in-njegova-okolica\/","title":{"rendered":"KRAS IN NJEGOVA OKOLICA"},"content":{"rendered":"[vc_row fullwidth=&#8221;true&#8221; video_bg=&#8221;true&#8221; video_bg_url=&#8221;&#8221; css=&#8221;.vc_custom_1641999358939{margin-top: 0px !important;margin-bottom: 60px !important;}&#8221;][vc_column]<div class=\"avt_masterslider_el \" >\n\t\t<!-- MasterSlider -->\n\t\t<div id=\"P_MS69e8ff0ed3865\" class=\"master-slider-parent msl ms-parent-id-6\" style=\"\">\n\n\t\t\t\n\t\t\t<!-- MasterSlider Main -->\n\t\t\t<div id=\"MS69e8ff0ed3865\" class=\"master-slider ms-skin-light-6 round-skin\" >\n\t\t\t\t \t\t\t\t \n\t\t\t\t<div  class=\"ms-slide\" data-delay=\"3\" data-fill-mode=\"fill\"  >\n\t\t\t\t\t<img decoding=\"async\" src=\"https:\/\/www.trattoriavaleria.it\/wp-content\/plugins\/master-slider\/public\/assets\/css\/blank.gif\" alt=\"\" title=\"\" data-src=\"https:\/\/www.trattoriavaleria.it\/wp-content\/uploads\/2017\/02\/stanjel-ruj-2.jpg\" \/>\n\n\n\t<div class=\"ms-thumb\" ><div class=\"ms-tab-context\"><div class=\"&quot;ms-tab-context&quot;\"><\/div><\/div>\n<\/div>\n\t\t\t\t<\/div>\n\n\t\t\t<\/div>\n\t\t\t<!-- END MasterSlider Main -->\n\n\t\t\t \n\t\t<\/div>\n\t\t<!-- END MasterSlider -->\n\n\t\t<script>\n\t\t(function ( $ ) {\n\t\t\t\"use strict\";\n\n\t\t\t$(function () {\n\t\t\t\tvar masterslider_3865 = new MasterSlider();\n\n\t\t\t\t\/\/ slider controls\n\n\t\t\t\t\/\/ slider setup\n\t\t\t\tmasterslider_3865.setup(\"MS69e8ff0ed3865\", {\n\t\t\t\t\t\twidth           : 800,\n\t\t\t\t\t\theight          : 480,\n\t\t\t\t\t\tminHeight       : 0,\n\t\t\t\t\t\tspace           : 0,\n\t\t\t\t\t\tstart           : 1,\n\t\t\t\t\t\tgrabCursor      : true,\n\t\t\t\t\t\tswipe           : true,\n\t\t\t\t\t\tmouse           : true,\n\t\t\t\t\t\tlayout          : \"fullwidth\",\n\t\t\t\t\t\twheel           : false,\n\t\t\t\t\t\tautoplay        : false,\n\t\t\t\t\t\tinstantStartLayers:false,\n\t\t\t\t\t\tloop            : false,\n\t\t\t\t\t\tshuffle         : false,\n\t\t\t\t\t\tpreload         : 0,\n\t\t\t\t\t\theightLimit     : true,\n\t\t\t\t\t\tautoHeight      : false,\n\t\t\t\t\t\tsmoothHeight    : true,\n\t\t\t\t\t\tendPause        : false,\n\t\t\t\t\t\toverPause       : true,\n\t\t\t\t\t\tfillMode        : \"fill\",\n\t\t\t\t\t\tcenterControls  : false,\n\t\t\t\t\t\tstartOnAppear   : false,\n\t\t\t\t\t\tlayersMode      : \"center\",\n\t\t\t\t\t\thideLayers      : false,\n\t\t\t\t\t\tfullscreenMargin: 0,\n\t\t\t\t\t\tspeed           : 20,\n\t\t\t\t\t\tdir             : \"h\",\n\t\t\t\t\t\tparallaxMode    : 'swipe',\n\t\t\t\t\t\tview            : \"basic\"\n\t\t\t\t});\n\n\t\t\t\t\n\t\t\t\twindow.masterslider_instances = window.masterslider_instances || [];\n\t\t\t\twindow.masterslider_instances.push( masterslider_3865 );\n\t\t\t });\n\n\t\t})(jQuery);\n\t\t<\/script>\n\n<\/div>[\/vc_column][\/vc_row][vc_row css=&#8221;.vc_custom_1489152735681{padding-bottom: 60px !important;}&#8221;][vc_column width=&#8221;1\/4&#8243;][vc_column_text][vc_row][vc_column width=&#8221;1\/4&#8243;][vc_column_text]\n<h1 style=\"text-align: left;\">KRAS IN NJEGOVA OKOLICA<\/h1>\n<h2 style=\"text-align: right;\"><\/h2>\n[\/vc_column_text][\/vc_column][vc_column width=&#8221;3\/4&#8243;][vc_column_text]Hotel Valerija je lociran v osr\u010dju Op\u010din in je oddaljen le 3 km od mejnega prehoda pri Ferneti\u010dih. Do centra Trsta pa je le 10 minut vo\u017enje z avtom. Zaradi svoje strate\u0161ke lege predstavlja ugodno re\u0161itev za posameznike in dru\u017eine, ki si \u017eelijo udobne nastanitve, odli\u010dne lokalne hrane in hotel, v katerem naj se po\u010dutijo razvajene, kot \u010de bi bili doma.<\/p>\n<p>Poleg tega je z Op\u010din mogo\u010de z javnimi prevoznimi sredstvi dose\u010di vse destinacije kra\u0161ke planote. S predhodnim dogovorom je mo\u017een obisk krajevnih vinogradnikov, oljkarjev in \u010debelarjev.[\/vc_column_text][\/vc_column][\/vc_row][vc_row][vc_column][vc_empty_space][\/vc_column][\/vc_row][vc_row equal_columns=&#8221;true&#8221;][vc_column width=&#8221;1\/4&#8243;][\/vc_column][vc_column width=&#8221;3\/4&#8243;][vc_single_image image=&#8221;10437&#8243; img_size=&#8221;800&#215;475&#8243;][\/vc_column][\/vc_row][vc_row][vc_column][vc_empty_space][\/vc_column][\/vc_row][vc_row][vc_column width=&#8221;1\/4&#8243;][\/vc_column][vc_column width=&#8221;1\/4&#8243;][mk_title_box color=&#8221;#b19484&#8243; size=&#8221;26&#8243; font_weight=&#8221;500&#8243; font_family=&#8221;none&#8221; align=&#8221;center&#8221;]1[\/mk_title_box][vc_column_text]<strong>Tr\u017ea\u0161ka pokrajina<\/strong> se razteza vzdol\u017e kratkega ozemeljskega pasu na skrajnem robu jugovzhodnega predela Furlanije-Julijske krajine. Utesnjena je med Jadranskim morjem in mejo s Slovenijo. Zaradi enkratnosti podro\u010dja, zgodovinskih in umetnostnih znamenitosti in svojega izrazito srednjeevropskega zna\u010daja jo uvr\u0161\u010dajo med prvovrstne destinacije in je v preteklosti o\u010darala pomembne ustvarjalce, kot so: Rainer Maria Rilke, James Joyce, Italo Svevo.[\/vc_column_text][\/vc_column][vc_column width=&#8221;1\/4&#8243;][mk_title_box color=&#8221;#b19484&#8243; size=&#8221;26&#8243; font_weight=&#8221;500&#8243; font_family=&#8221;none&#8221; align=&#8221;center&#8221;]2[\/mk_title_box][vc_column_text]<strong>Bri\u0161kovska jama<\/strong> je kra\u0161ka jama. Raziskali so jo leta 1840 in Club Touristi Triestini jo je za turisti\u010dne oglede odprl \u017ee leta 1908. Jama le\u017ei na kra\u0161ki planoti, nekaj kilometrov stran od Trsta in blizu meje s Slovenijo ( mejni prehod Repentabor ). Njeno prvovrstno posebnost predstavlja zna\u010dilnost, da je turisti\u010dna jama z najve\u010djo naravno dvorano na svetu: votlina se razteza 98,50\u00a0m v vi\u0161ino, 167,60\u00a0m v dol\u017eino in 76,3 m v \u0161irino. Leta 1995 je bila uvr\u0161\u010dena v Guinnessovo knjigo rekordov.[\/vc_column_text][\/vc_column][vc_column width=&#8221;1\/4&#8243;][mk_title_box color=&#8221;#b19484&#8243; size=&#8221;26&#8243; font_weight=&#8221;500&#8243; font_family=&#8221;none&#8221; align=&#8221;center&#8221;]3[\/mk_title_box][vc_column_text]<strong>Lipica<\/strong> je najstarej\u0161a kobilarna v Evropi, ki nepretrgoma vzreja eno najstarej\u0161ih konjskih pasem. Iz tega razloga je edinstvenega zgodovinskega, naravnega in kulturnega pomena v slovenskem in evropskem okviru.[\/vc_column_text][\/vc_column][\/vc_row][vc_row][vc_column][vc_empty_space][\/vc_column][\/vc_row][vc_row][vc_column width=&#8221;1\/4&#8243;][\/vc_column][vc_column width=&#8221;1\/4&#8243;][mk_title_box color=&#8221;#b19484&#8243; size=&#8221;26&#8243; font_weight=&#8221;500&#8243; font_family=&#8221;none&#8221; align=&#8221;center&#8221;]4[\/mk_title_box][vc_column_text]<strong>Postojnska jama<\/strong> je brez dvoma ena najbolj znanih na svetu. Gre za najbolj atraktivno slovensko znamenitost, klasi\u010dni primer enega kra\u0161kih pojavov . Nahaja se na pragu Postojne. Jama je preplet skoro 21 km votlin in rovov (kar so jih odkrili do danes), po katerih se je v 185 letih sprehodilo preko 30 milijonov obiskovalcev. Je najbolj obse\u017ena jama na Krasu, obenem je tudi najbolj obiskana v Evropi. Njeno notranjost krasi ogromno stalaktitov in stalagmitov, ki so se v teku tiso\u010dletij izoblikovali skozi o\u010dem nevidne procese. Razvoj kapnikov je posledica kapljanja vode, vsebujo\u010de kalcijev karbonat.[\/vc_column_text][\/vc_column][vc_column width=&#8221;1\/4&#8243;][mk_title_box color=&#8221;#b19484&#8243; size=&#8221;26&#8243; font_weight=&#8221;500&#8243; font_family=&#8221;none&#8221; align=&#8221;center&#8221;]5 &#8211; 6[\/mk_title_box][vc_column_text]<strong>Ozemlje kra\u0161ke pridelave<\/strong> predstavlja sicer omejeno, a \u0161e skoro neokrnjeno podro\u010dje, ki pa je zelo raznoliko. Gre za celoto, ki so jo doma\u010dini vztrajno kultivirali: rodi nam dragocene sorte grozdja in podarja vina izrazite osebnosti.<br \/>\nNa Krasu se daje prednost kvaliteti pred kvantiteto. Trenutno je v tr\u017ea\u0161ki pokrajini oznaka D.O.C. omejena na vitovsko, teran, chardonnay, malvazijo,sauvignon, merlot in refo\u0161k. Prava pristna vina, ki jih je treba poku\u0161ati. Konzorcij za za\u0161\u010dito kontroliranega porekla vin Kras odgovarja na tel \u0161t. 040 417649.[\/vc_column_text][\/vc_column][vc_column width=&#8221;1\/4&#8243;][mk_title_box color=&#8221;#b19484&#8243; size=&#8221;26&#8243; font_weight=&#8221;500&#8243; font_family=&#8221;none&#8221; align=&#8221;center&#8221;]7[\/mk_title_box][vc_column_text]<strong>Grade\u017e<\/strong>, poimenovan tudi Zlati otok, se razteza med svojo laguno in Jadranskim morjem. Je nekak kopenski jezik, ki je svoj \u010das predstavljal obalno \u010drto. Grade\u017e je postal ena najpomembnej\u0161ih kopali\u0161\u010d severnega Jadrana in se pona\u0161a s \u0161tevilnimi naravnimi in umetni\u0161kimi znamenitostmi.<br \/>\nLepoto Grade\u017ea predstavljajo njegovo turkizno morje in son\u010dne pla\u017ee, pa tudi zgodovinsko mestno jedro, ki ga obkro\u017ea prekrasna laguna. Majhne zgradbe, potopljene v sugestiven kontekst uli\u010dic in trgov, so nepozabne. [\/vc_column_text][\/vc_column][\/vc_row][vc_row][vc_column][vc_empty_space][\/vc_column][\/vc_row][vc_row][vc_column width=&#8221;1\/4&#8243;][\/vc_column][vc_column width=&#8221;1\/4&#8243;][mk_title_box color=&#8221;#b19484&#8243; size=&#8221;26&#8243; font_weight=&#8221;500&#8243; font_family=&#8221;none&#8221; align=&#8221;center&#8221;]8[\/mk_title_box][vc_column_text]<strong>Portoro\u017e<\/strong> je kraj, ki le\u017ei v Piranski ob\u010dini ( Slovenija ). Od konca 19. stoletja je mestece zaslovelo po svojih termah in kopali\u0161\u010dih. Od za\u010detka dvajsetega stoletja je Portoro\u017e postal zelo znano kopali\u0161ko sredi\u0161\u010de severnega Jadrana,skupaj z Opatijo, Lidom in Grade\u017eem. V njem se nahaja med drugimi Palace hotel, svoj \u010das eden najpresti\u017enej\u0161ih hotelskih kompleksov ( zgradili so ga v \u010dasu avstroogrske monarhije ) in je trenutno eden najbolj\u0161ih hotelov na obmo\u010dju med Benetkami in Dubrovnikom. Mestece in okolica se lahko poslu\u017eujeta mednarodnega portoro\u0161kega letali\u0161\u010da, ki ima sede\u017e v Se\u010dovljah.[\/vc_column_text][\/vc_column][vc_column width=&#8221;1\/4&#8243;][\/vc_column][vc_column width=&#8221;1\/4&#8243;][\/vc_column][\/vc_row][vc_row][vc_column][vc_empty_space][\/vc_column][\/vc_row][vc_row][vc_column][\/vc_column][\/vc_row]\n","protected":false},"excerpt":{"rendered":"<p>[vc_row fullwidth=&#8221;true&#8221; video_bg=&#8221;true&#8221; video_bg_url=&#8221;&#8221; css=&#8221;.vc_custom_1641999358939{margin-top: 0px !important;margin-bottom: 60px !important;}&#8221;][vc_column][\/vc_column][\/vc_row][vc_row css=&#8221;.vc_custom_1489152735681{padding-bottom: 60px !important;}&#8221;][vc_column width=&#8221;1\/4&#8243;][vc_column_text][vc_row][vc_column width=&#8221;1\/4&#8243;][vc_column_text] KRAS IN NJEGOVA OKOLICA [\/vc_column_text][\/vc_column][vc_column width=&#8221;3\/4&#8243;][vc_column_text]Hotel Valerija je lociran v osr\u010dju Op\u010din in je oddaljen le 3 km od mejnega prehoda pri Ferneti\u010dih. Do centra Trsta pa je le 10 minut vo\u017enje z avtom. Zaradi svoje strate\u0161ke lege predstavlja ugodno re\u0161itev [&hellip;]<\/p>\n","protected":false},"author":1,"featured_media":0,"parent":0,"menu_order":0,"comment_status":"closed","ping_status":"closed","template":"","meta":{"_monsterinsights_skip_tracking":false,"_monsterinsights_sitenote_active":false,"_monsterinsights_sitenote_note":"","_monsterinsights_sitenote_category":0,"footnotes":""},"class_list":["post-10652","page","type-page","status-publish","hentry"],"_links":{"self":[{"href":"https:\/\/www.trattoriavaleria.it\/sl\/wp-json\/wp\/v2\/pages\/10652","targetHints":{"allow":["GET"]}}],"collection":[{"href":"https:\/\/www.trattoriavaleria.it\/sl\/wp-json\/wp\/v2\/pages"}],"about":[{"href":"https:\/\/www.trattoriavaleria.it\/sl\/wp-json\/wp\/v2\/types\/page"}],"author":[{"embeddable":true,"href":"https:\/\/www.trattoriavaleria.it\/sl\/wp-json\/wp\/v2\/users\/1"}],"replies":[{"embeddable":true,"href":"https:\/\/www.trattoriavaleria.it\/sl\/wp-json\/wp\/v2\/comments?post=10652"}],"version-history":[{"count":4,"href":"https:\/\/www.trattoriavaleria.it\/sl\/wp-json\/wp\/v2\/pages\/10652\/revisions"}],"predecessor-version":[{"id":11045,"href":"https:\/\/www.trattoriavaleria.it\/sl\/wp-json\/wp\/v2\/pages\/10652\/revisions\/11045"}],"wp:attachment":[{"href":"https:\/\/www.trattoriavaleria.it\/sl\/wp-json\/wp\/v2\/media?parent=10652"}],"curies":[{"name":"wp","href":"https:\/\/api.w.org\/{rel}","templated":true}]}}