{"id":10650,"date":"2017-04-13T10:04:35","date_gmt":"2017-04-13T08:04:35","guid":{"rendered":"http:\/\/www.trattoriavaleria.it\/?page_id=10650&#038;lang=sl"},"modified":"2022-01-12T16:06:06","modified_gmt":"2022-01-12T15:06:06","slug":"saleta","status":"publish","type":"page","link":"https:\/\/www.trattoriavaleria.it\/sl\/saleta\/","title":{"rendered":"\u0160ALETA"},"content":{"rendered":"[vc_row fullwidth=&#8221;true&#8221; parallax=&#8221;content-moving&#8221; css=&#8221;.vc_custom_1641999954379{margin-top: 0px !important;margin-bottom: 60px !important;}&#8221;][vc_column]<div class=\"avt_masterslider_el \" >\n\t\t<!-- MasterSlider -->\n\t\t<div id=\"P_MS69e8eec19072e\" class=\"master-slider-parent msl ms-parent-id-5\" style=\"\">\n\n\t\t\t\n\t\t\t<!-- MasterSlider Main -->\n\t\t\t<div id=\"MS69e8eec19072e\" class=\"master-slider ms-skin-light-6 round-skin\" >\n\t\t\t\t \t\t\t\t \n\t\t\t\t<div  class=\"ms-slide\" data-delay=\"3\" data-fill-mode=\"fill\"  >\n\t\t\t\t\t<img decoding=\"async\" src=\"https:\/\/www.trattoriavaleria.it\/wp-content\/plugins\/master-slider\/public\/assets\/css\/blank.gif\" alt=\"\" title=\"\" data-src=\"https:\/\/www.trattoriavaleria.it\/wp-content\/uploads\/2017\/02\/hotel-valeria-photo-dean-dubokovic-116.jpg\" \/>\n\n\n\t<div class=\"ms-thumb\" ><div class=\"ms-tab-context\"><div class=\"&quot;ms-tab-context&quot;\"><\/div><\/div>\n<\/div>\n\t\t\t\t<\/div>\n\n\t\t\t<\/div>\n\t\t\t<!-- END MasterSlider Main -->\n\n\t\t\t \n\t\t<\/div>\n\t\t<!-- END MasterSlider -->\n\n\t\t<script>\n\t\t(function ( $ ) {\n\t\t\t\"use strict\";\n\n\t\t\t$(function () {\n\t\t\t\tvar masterslider_072e = new MasterSlider();\n\n\t\t\t\t\/\/ slider controls\n\n\t\t\t\t\/\/ slider setup\n\t\t\t\tmasterslider_072e.setup(\"MS69e8eec19072e\", {\n\t\t\t\t\t\twidth           : 800,\n\t\t\t\t\t\theight          : 480,\n\t\t\t\t\t\tminHeight       : 0,\n\t\t\t\t\t\tspace           : 0,\n\t\t\t\t\t\tstart           : 1,\n\t\t\t\t\t\tgrabCursor      : true,\n\t\t\t\t\t\tswipe           : true,\n\t\t\t\t\t\tmouse           : true,\n\t\t\t\t\t\tlayout          : \"fullwidth\",\n\t\t\t\t\t\twheel           : false,\n\t\t\t\t\t\tautoplay        : false,\n\t\t\t\t\t\tinstantStartLayers:false,\n\t\t\t\t\t\tloop            : false,\n\t\t\t\t\t\tshuffle         : false,\n\t\t\t\t\t\tpreload         : 0,\n\t\t\t\t\t\theightLimit     : true,\n\t\t\t\t\t\tautoHeight      : false,\n\t\t\t\t\t\tsmoothHeight    : true,\n\t\t\t\t\t\tendPause        : false,\n\t\t\t\t\t\toverPause       : true,\n\t\t\t\t\t\tfillMode        : \"fill\",\n\t\t\t\t\t\tcenterControls  : false,\n\t\t\t\t\t\tstartOnAppear   : false,\n\t\t\t\t\t\tlayersMode      : \"center\",\n\t\t\t\t\t\thideLayers      : false,\n\t\t\t\t\t\tfullscreenMargin: 0,\n\t\t\t\t\t\tspeed           : 20,\n\t\t\t\t\t\tdir             : \"h\",\n\t\t\t\t\t\tparallaxMode    : 'swipe',\n\t\t\t\t\t\tview            : \"basic\"\n\t\t\t\t});\n\n\t\t\t\t\n\t\t\t\twindow.masterslider_instances = window.masterslider_instances || [];\n\t\t\t\twindow.masterslider_instances.push( masterslider_072e );\n\t\t\t });\n\n\t\t})(jQuery);\n\t\t<\/script>\n\n<\/div>[\/vc_column][\/vc_row][vc_row css=&#8221;.vc_custom_1489154619409{margin-bottom: 60px !important;}&#8221;][vc_column width=&#8221;1\/4&#8243;][vc_column_text]\n<h1 style=\"text-align: left;\">\u0160ALETA<\/h1>\n<h2 style=\"text-align: right;\"><\/h2>\n[\/vc_column_text][\/vc_column][vc_column width=&#8221;3\/4&#8243;][vc_column_text]Prostor je neformalen in poliedri\u010den, primeren za hitra kosila, za aperitiv ali za posedanje po ve\u010derji.<br \/>\nMojster Tom nudi hladne in tople jedi, sve\u017ee in dnevno pripravljene, odvisno od sezonske razpolo\u017eljivosti.<br \/>\nMenu ni nikoli enak in temelji na sve\u017eih in pristnih krajevnih pridelkih in izdelkih.<br \/>\n\u0160aleto je mo\u017eno tudi rezervirati za posebne prilo\u017enosti in proslavljanja.<br \/>\nKuhinja obratuje od 12:00 do 14:30 ter od 18:00 do 23:00[\/vc_column_text][\/vc_column][\/vc_row][vc_row equal_columns=&#8221;true&#8221;][vc_column width=&#8221;1\/4&#8243;][\/vc_column][vc_column width=&#8221;1\/4&#8243;][vc_single_image image=&#8221;10383&#8243; img_size=&#8221;400&#215;430&#8243;][\/vc_column][vc_column width=&#8221;2\/4&#8243;][vc_single_image image=&#8221;10337&#8243; img_size=&#8221;800&#215;400&#8243;][\/vc_column][\/vc_row][vc_row equal_columns=&#8221;true&#8221;][vc_column width=&#8221;1\/4&#8243;][\/vc_column][vc_column width=&#8221;1\/4&#8243;][vc_single_image image=&#8221;10357&#8243; img_size=&#8221;400&#215;400&#8243;][\/vc_column][vc_column width=&#8221;1\/4&#8243;][vc_single_image image=&#8221;10369&#8243; img_size=&#8221;400&#215;400&#8243;][\/vc_column][vc_column width=&#8221;1\/4&#8243;][vc_single_image image=&#8221;10471&#8243; img_size=&#8221;400&#215;400&#8243;][\/vc_column][\/vc_row][vc_row equal_columns=&#8221;true&#8221;][vc_column width=&#8221;1\/4&#8243;][\/vc_column][vc_column width=&#8221;3\/4&#8243;][vc_single_image image=&#8221;10384&#8243; img_size=&#8221;full&#8221;][\/vc_column][\/vc_row][vc_row][vc_column][vc_empty_space][\/vc_column][\/vc_row]\n","protected":false},"excerpt":{"rendered":"<p>[vc_row fullwidth=&#8221;true&#8221; parallax=&#8221;content-moving&#8221; css=&#8221;.vc_custom_1641999954379{margin-top: 0px !important;margin-bottom: 60px !important;}&#8221;][vc_column][\/vc_column][\/vc_row][vc_row css=&#8221;.vc_custom_1489154619409{margin-bottom: 60px !important;}&#8221;][vc_column width=&#8221;1\/4&#8243;][vc_column_text] \u0160ALETA [\/vc_column_text][\/vc_column][vc_column width=&#8221;3\/4&#8243;][vc_column_text]Prostor je neformalen in poliedri\u010den, primeren za hitra kosila, za aperitiv ali za posedanje po ve\u010derji. Mojster Tom nudi hladne in tople jedi, sve\u017ee in dnevno pripravljene, odvisno od sezonske razpolo\u017eljivosti. Menu ni nikoli enak in temelji na sve\u017eih in pristnih [&hellip;]<\/p>\n","protected":false},"author":1,"featured_media":0,"parent":0,"menu_order":0,"comment_status":"closed","ping_status":"closed","template":"","meta":{"_monsterinsights_skip_tracking":false,"_monsterinsights_sitenote_active":false,"_monsterinsights_sitenote_note":"","_monsterinsights_sitenote_category":0,"footnotes":""},"class_list":["post-10650","page","type-page","status-publish","hentry"],"_links":{"self":[{"href":"https:\/\/www.trattoriavaleria.it\/sl\/wp-json\/wp\/v2\/pages\/10650","targetHints":{"allow":["GET"]}}],"collection":[{"href":"https:\/\/www.trattoriavaleria.it\/sl\/wp-json\/wp\/v2\/pages"}],"about":[{"href":"https:\/\/www.trattoriavaleria.it\/sl\/wp-json\/wp\/v2\/types\/page"}],"author":[{"embeddable":true,"href":"https:\/\/www.trattoriavaleria.it\/sl\/wp-json\/wp\/v2\/users\/1"}],"replies":[{"embeddable":true,"href":"https:\/\/www.trattoriavaleria.it\/sl\/wp-json\/wp\/v2\/comments?post=10650"}],"version-history":[{"count":2,"href":"https:\/\/www.trattoriavaleria.it\/sl\/wp-json\/wp\/v2\/pages\/10650\/revisions"}],"predecessor-version":[{"id":11057,"href":"https:\/\/www.trattoriavaleria.it\/sl\/wp-json\/wp\/v2\/pages\/10650\/revisions\/11057"}],"wp:attachment":[{"href":"https:\/\/www.trattoriavaleria.it\/sl\/wp-json\/wp\/v2\/media?parent=10650"}],"curies":[{"name":"wp","href":"https:\/\/api.w.org\/{rel}","templated":true}]}}