{"id":10646,"date":"2017-04-13T10:01:30","date_gmt":"2017-04-13T08:01:30","guid":{"rendered":"http:\/\/www.trattoriavaleria.it\/?page_id=10646&#038;lang=sl"},"modified":"2022-01-12T16:01:27","modified_gmt":"2022-01-12T15:01:27","slug":"hotel","status":"publish","type":"page","link":"https:\/\/www.trattoriavaleria.it\/sl\/hotel\/","title":{"rendered":"Hotel"},"content":{"rendered":"[vc_row fullwidth=&#8221;true&#8221; parallax=&#8221;content-moving&#8221; parallax_speed_bg=&#8221;3&#8243; css=&#8221;.vc_custom_1641999675026{margin-top: 0px !important;margin-bottom: 60px !important;}&#8221;][vc_column]<div class=\"avt_masterslider_el \" >\n\t\t<!-- MasterSlider -->\n\t\t<div id=\"P_MS69e749cebf078\" class=\"master-slider-parent msl ms-parent-id-3\" style=\"\">\n\n\t\t\t\n\t\t\t<!-- MasterSlider Main -->\n\t\t\t<div id=\"MS69e749cebf078\" class=\"master-slider ms-skin-light-6 round-skin\" >\n\t\t\t\t \t\t\t\t \n\t\t\t\t<div  class=\"ms-slide\" data-delay=\"3\" data-fill-mode=\"fill\"  >\n\t\t\t\t\t<img decoding=\"async\" src=\"https:\/\/www.trattoriavaleria.it\/wp-content\/plugins\/master-slider\/public\/assets\/css\/blank.gif\" alt=\"\" title=\"\" data-src=\"https:\/\/www.trattoriavaleria.it\/wp-content\/uploads\/2017\/02\/hotel-121-3.jpg\" \/>\n\n\n\t<div class=\"ms-thumb\" ><div class=\"ms-tab-context\"><div class=\"&quot;ms-tab-context&quot;\"><\/div><\/div>\n<\/div>\n\t\t\t\t<\/div>\n\n\t\t\t<\/div>\n\t\t\t<!-- END MasterSlider Main -->\n\n\t\t\t \n\t\t<\/div>\n\t\t<!-- END MasterSlider -->\n\n\t\t<script>\n\t\t(function ( $ ) {\n\t\t\t\"use strict\";\n\n\t\t\t$(function () {\n\t\t\t\tvar masterslider_f078 = new MasterSlider();\n\n\t\t\t\t\/\/ slider controls\n\n\t\t\t\t\/\/ slider setup\n\t\t\t\tmasterslider_f078.setup(\"MS69e749cebf078\", {\n\t\t\t\t\t\twidth           : 800,\n\t\t\t\t\t\theight          : 480,\n\t\t\t\t\t\tminHeight       : 0,\n\t\t\t\t\t\tspace           : 0,\n\t\t\t\t\t\tstart           : 1,\n\t\t\t\t\t\tgrabCursor      : true,\n\t\t\t\t\t\tswipe           : true,\n\t\t\t\t\t\tmouse           : true,\n\t\t\t\t\t\tlayout          : \"fullwidth\",\n\t\t\t\t\t\twheel           : false,\n\t\t\t\t\t\tautoplay        : false,\n\t\t\t\t\t\tinstantStartLayers:false,\n\t\t\t\t\t\tloop            : false,\n\t\t\t\t\t\tshuffle         : false,\n\t\t\t\t\t\tpreload         : 0,\n\t\t\t\t\t\theightLimit     : true,\n\t\t\t\t\t\tautoHeight      : false,\n\t\t\t\t\t\tsmoothHeight    : true,\n\t\t\t\t\t\tendPause        : false,\n\t\t\t\t\t\toverPause       : true,\n\t\t\t\t\t\tfillMode        : \"fill\",\n\t\t\t\t\t\tcenterControls  : false,\n\t\t\t\t\t\tstartOnAppear   : false,\n\t\t\t\t\t\tlayersMode      : \"center\",\n\t\t\t\t\t\thideLayers      : false,\n\t\t\t\t\t\tfullscreenMargin: 0,\n\t\t\t\t\t\tspeed           : 20,\n\t\t\t\t\t\tdir             : \"h\",\n\t\t\t\t\t\tparallaxMode    : 'swipe',\n\t\t\t\t\t\tview            : \"basic\"\n\t\t\t\t});\n\n\t\t\t\t\n\t\t\t\twindow.masterslider_instances = window.masterslider_instances || [];\n\t\t\t\twindow.masterslider_instances.push( masterslider_f078 );\n\t\t\t });\n\n\t\t})(jQuery);\n\t\t<\/script>\n\n<\/div>[\/vc_column][\/vc_row][vc_row css=&#8221;.vc_custom_1489152735681{padding-bottom: 60px !important;}&#8221;][vc_column width=&#8221;1\/4&#8243;][vc_column_text]\n<h1 style=\"text-align: left;\">HOTEL<\/h1>\n<h2 style=\"text-align: right;\"><\/h2>\n[\/vc_column_text][\/vc_column][vc_column width=&#8221;3\/4&#8243;][vc_column_text]V Hotelu-gostilni Valerija na Op\u010dinah je gost od nekdaj doma! Neizumetni\u010denost, udobje in pristnost so klju\u010dne besede, ki zaznamujejo Hotel Valerija, ki sta ga nova lastnika Jana in Tom pravkar prenovila. Lociran je nedale\u010d od mejnega prehoda s Slovenijo, nahaja se v samem sredi\u0161\u010du Op\u010din, majhnem kra\u0161kem naselju, ki ga s centrom Trsta povezuje sloviti Openski tramvaj. Hotel premore 12 sob s kopalnico in vsaka se razlikuje od druge po svoji barvi. Sobe so prostorne, svetle in udobne, modernega in umirjenega videza, vse so tudi opremljene s klimatsko napravo in so zvo\u010dno izolirane. Zajtrk je bifejski z zna\u010dilnimi krajevnimi jedmi doma\u010de izdelave. Zajtrk se postre\u017ee v pritli\u010dni \u0161aleti poleg restavracije. Hotelski gostje lahko tudi rezervirajo v restavraciji, za katero spretno skrbi Tom, ki ima smisel za odli\u010dne in mojstrsko prevrednotene tradicionalne jedi krajevnega izvora.[\/vc_column_text][\/vc_column][\/vc_row][vc_row equal_columns=&#8221;true&#8221;][vc_column width=&#8221;1\/4&#8243;][\/vc_column][vc_column width=&#8221;3\/4&#8243;][vc_single_image image=&#8221;10579&#8243; img_size=&#8221;full&#8221;][\/vc_column][\/vc_row][vc_row equal_columns=&#8221;true&#8221;][vc_column width=&#8221;1\/4&#8243;][\/vc_column][vc_column width=&#8221;1\/4&#8243;][vc_single_image image=&#8221;10246&#8243; img_size=&#8221;large&#8221;][\/vc_column][vc_column width=&#8221;1\/4&#8243;][vc_single_image image=&#8221;10623&#8243; img_size=&#8221;large&#8221; css=&#8221;.vc_custom_1491232258196{margin-bottom: 0px !important;}&#8221;][\/vc_column][vc_column width=&#8221;1\/4&#8243;][vc_single_image image=&#8221;10583&#8243; img_size=&#8221;large&#8221;][\/vc_column][\/vc_row][vc_row][vc_column width=&#8221;1\/4&#8243;][\/vc_column][vc_column width=&#8221;1\/4&#8243;][mk_custom_list]\n<ul>\n<li><strong>TIPOLOGIJA SOB<\/strong>: dvoposteljna za dve osebi, dvoposteljna za eno osebo<\/li>\n<li><strong>KOPALNICA<\/strong>: prha,fen, \u010distila za osebno higieno, WC, bid\u00e9<\/li>\n<li><strong>OB\u010cILA IN TEHNOLOGIJA<\/strong>: telefon,TV z ravnim zaslonom, brezpla\u010dni Wi-Fi<\/li>\n<li><strong>SOBNA OPREMA<\/strong>: klimatska naprava s samostojnim upravljanjem, akusti\u010dna izolacija, garderobna omara, sef, \u010dajnik<\/li>\n<li><strong>NUDENE STORITVE<\/strong>: preno\u010ditev z zajtrkom<\/li>\n<li><strong>ZAJTRK<\/strong>: bifejski zajtrk v \u0161aleti od 7:00 do 10:00<\/li>\n<li><strong>PARKIRI\u0160\u010cE<\/strong>: brezplal\u010dno,nezavarovano<\/li>\n<li><strong>PRIJAVA<\/strong>: 14:00 \u2013 19:00<\/li>\n<li><strong>ODJAVA<\/strong>: 11:00<\/li>\n<li><strong>DELOVNI \u010cAS<\/strong>: odprto vse dni v tednu<\/li>\n<li><strong>NA\u010cIN PLA\u010cEVANJA<\/strong>: sprejemamo vse glavne kreditne kartice ( razen Diners in American Express)<\/li>\n<\/ul>\n[\/mk_custom_list][\/vc_column][vc_column width=&#8221;1\/4&#8243;][mk_table style=&#8221;style2&#8243;]\n<table width=\"100%\" cellspacing=\"0\" cellpadding=\"4\">\n<colgroup>\n<col width=\"63*\" \/>\n<col width=\"62*\" \/>\n<col width=\"68*\" \/>\n<col width=\"63*\" \/> <\/colgroup>\n<tbody>\n<tr valign=\"top\">\n<td colspan=\"2\" width=\"50%\">\n<p style=\"text-align: center;\" align=\"left\"><strong>DVOPOSTELJNA SOBA ZA 2 osebi<\/strong><\/p>\n<\/td>\n<td colspan=\"2\" width=\"50%\">\n<p style=\"text-align: center;\" align=\"left\"><strong>DVOPOSTELJNA ZA 1 OSEBO<\/strong><\/p>\n<\/td>\n<\/tr>\n<tr>\n<td colspan=\"2\" rowspan=\"2\" width=\"50%\">\n<p style=\"text-align: center;\" align=\"left\">\u20ac 100,00<br \/>\n<span style=\"font-size: small;\">Na dan na sobo<\/span><\/p>\n<\/td>\n<td colspan=\"2\" rowspan=\"2\" width=\"50%\">\n<p align=\"center\">\u20ac 80,00<br \/>\n<span style=\"font-size: small;\">na dan<\/span><\/p>\n<\/td>\n<\/tr>\n<\/tbody>\n<\/table>\n<p>Ni vklju\u010deno: \u20ac 2.00 turisti\u010dna taksa na osebo na no\u010ditev[\/mk_table][vc_btn title=&#8221;ZAHTEVAJ PREDRA\u010cUN&#8221; shape=&#8221;square&#8221; color=&#8221;sky&#8221; size=&#8221;lg&#8221; align=&#8221;center&#8221; i_icon_fontawesome=&#8221;fa fa-book&#8221; css_animation=&#8221;bounceIn&#8221; button_block=&#8221;true&#8221; add_icon=&#8221;true&#8221; link=&#8221;url:http%3A%2F%2Fhotelvaleria.smpl.pro%2F%3Fpage_id%3D10148|||&#8221;][\/vc_column][vc_column width=&#8221;1\/4&#8243;][mk_table style=&#8221;style2&#8243;]\n<table width=\"100%\" cellspacing=\"0\" cellpadding=\"4\">\n<colgroup>\n<col width=\"125*\" \/>\n<col width=\"131*\" \/> <\/colgroup>\n<tbody>\n<tr>\n<td colspan=\"2\" valign=\"top\" width=\"100%\"><span style=\"font-size: small;\"><b>SPLO\u0160NI POGOJI<\/b><b><br \/>\n<span style=\"font-size: xx-small;\">* glej spodaj za ve\u010d informacij<\/span><\/b><\/span><\/td>\n<\/tr>\n<tr>\n<td valign=\"top\" width=\"49%\">0 \u2013 2 letiOtro\u0161ka posteljica po potrebi<\/td>\n<td width=\"51%\">\n<p align=\"right\">\u20ac 7,00 \/ na dan<\/p>\n<\/td>\n<\/tr>\n<tr valign=\"top\">\n<td width=\"49%\">2 \u2013 12\u00a0let<\/td>\n<td width=\"51%\">\n<p align=\"right\">\u20ac 20,00 \/ na dan<\/p>\n<\/td>\n<\/tr>\n<tr valign=\"top\">\n<td width=\"49%\">Tretje le\u017ei\u0161\u010de \u2013 odrasli<\/td>\n<td width=\"51%\">\n<p align=\"right\">\u20ac 35,00 \/ na dan<\/p>\n<\/td>\n<\/tr>\n<tr>\n<td colspan=\"2\" valign=\"top\" width=\"100%\">\u00bd Polpenzion \u2013 po \u017eelji v restavraciji<\/td>\n<\/tr>\n<\/tbody>\n<\/table>\n[\/mk_table][\/vc_column][\/vc_row][vc_row][vc_column][vc_empty_space][\/vc_column][\/vc_row][vc_row][vc_column width=&#8221;1\/4&#8243;][\/vc_column][vc_column width=&#8221;1\/4&#8243;][vc_column_text title=&#8221;*SPLO\u0160NI POGOJI&#8221; el_class=&#8221;small&#8221;]\n<ul>\n<li>Za druge vrste sob, cena po dogovoru<\/li>\n<li>Gostom s polpenzionom se nudi ve\u010derja \u00e0 la carte v restavraciji Valerija od 19:00 do 22:00<\/li>\n<li>Parkiri\u0161\u010de brezpla\u010dno in nezavarovano<\/li>\n<li>V vseh sobah so na voljo: TV Color LCD, telefon, sef in \u010dajnik<\/li>\n<li>Soba je na razpolago od 14:00 ure dneva prihoda do 11:00 ure dneva odhoda<\/li>\n<li>Mo\u017enost sprejemanja manj\u0161ih hi\u0161nih ljubljen\u010dkov<\/li>\n<li>Uprava si ne prevzema odgovornosti za neza\u0161\u010ditene osebne predmete<\/li>\n<li>Brezpla\u010dna internetna in Wi-Fi povezava<\/li>\n<\/ul>\n[\/vc_column_text][\/vc_column][vc_column width=&#8221;1\/4&#8243;][vc_column_text title=&#8221;REZERVACIJE&#8221; el_class=&#8221;small&#8221;]Rezervacija je potrjena po 30% izpla\u010dilu predujma celotnega zneska. Pla\u010dilo are je mo\u017eno izvesti z ban\u010dnim nakazilom ali s kreditno kartico in s posredovanjem podatkov ob rezervaciji.<br \/>\nZa pla\u010dilo s predpla\u010dni\u0161ko kartico ni mo\u017enosti vra\u010dila. Za rezervacijo s predpla\u010dni\u0161ko nepovra\u010dljivo kartico se izdaje takoj\u0161nje potrdilo ob izpla\u010dilu. \u010ce potrebujete izdajo ra\u010duna na dav\u010dno \u0161tevilko, prosimo, da to sporo\u010dite ob potrdilu rezervacije s popolno navedbo potrebnih podatkov za fakturiranje.[\/vc_column_text][\/vc_column][vc_column width=&#8221;1\/4&#8243;][vc_column_text title=&#8221;POGOJI&#8221; el_class=&#8221;small&#8221;]Za delne ali celotne odpovedi so predvideni slede\u010di penali:<br \/>\ndo 30 dni pred predvidenim prihodom se ara povrne v celoti<br \/>\nod 29 do 15 dni pred prihodom se zadr\u017ei 40% izpla\u010dane are<br \/>\nod 14 do 5 dni pred prihodom se zadr\u017ei\u00a070% izpla\u010dane are<br \/>\nmanj kot 5 dni pred prihodom se zadr\u017ei 100% znesek izpla\u010dane are<br \/>\nno show: 100% vsota izpla\u010dane are;&#8212;&#8212; zara\u010dunana bo obremenitev na celoten znesek rezervacije.[\/vc_column_text][\/vc_column][\/vc_row][vc_row][vc_column][vc_empty_space][\/vc_column][\/vc_row]\n","protected":false},"excerpt":{"rendered":"<p>[vc_row fullwidth=&#8221;true&#8221; parallax=&#8221;content-moving&#8221; parallax_speed_bg=&#8221;3&#8243; css=&#8221;.vc_custom_1641999675026{margin-top: 0px !important;margin-bottom: 60px !important;}&#8221;][vc_column][\/vc_column][\/vc_row][vc_row css=&#8221;.vc_custom_1489152735681{padding-bottom: 60px !important;}&#8221;][vc_column width=&#8221;1\/4&#8243;][vc_column_text] HOTEL [\/vc_column_text][\/vc_column][vc_column width=&#8221;3\/4&#8243;][vc_column_text]V Hotelu-gostilni Valerija na Op\u010dinah je gost od nekdaj doma! Neizumetni\u010denost, udobje in pristnost so klju\u010dne besede, ki zaznamujejo Hotel Valerija, ki sta ga nova lastnika Jana in Tom pravkar prenovila. Lociran je nedale\u010d od mejnega prehoda s Slovenijo, nahaja [&hellip;]<\/p>\n","protected":false},"author":1,"featured_media":11128,"parent":0,"menu_order":0,"comment_status":"closed","ping_status":"closed","template":"","meta":{"_monsterinsights_skip_tracking":false,"_monsterinsights_sitenote_active":false,"_monsterinsights_sitenote_note":"","_monsterinsights_sitenote_category":0,"footnotes":""},"class_list":["post-10646","page","type-page","status-publish","has-post-thumbnail","hentry"],"_links":{"self":[{"href":"https:\/\/www.trattoriavaleria.it\/sl\/wp-json\/wp\/v2\/pages\/10646","targetHints":{"allow":["GET"]}}],"collection":[{"href":"https:\/\/www.trattoriavaleria.it\/sl\/wp-json\/wp\/v2\/pages"}],"about":[{"href":"https:\/\/www.trattoriavaleria.it\/sl\/wp-json\/wp\/v2\/types\/page"}],"author":[{"embeddable":true,"href":"https:\/\/www.trattoriavaleria.it\/sl\/wp-json\/wp\/v2\/users\/1"}],"replies":[{"embeddable":true,"href":"https:\/\/www.trattoriavaleria.it\/sl\/wp-json\/wp\/v2\/comments?post=10646"}],"version-history":[{"count":7,"href":"https:\/\/www.trattoriavaleria.it\/sl\/wp-json\/wp\/v2\/pages\/10646\/revisions"}],"predecessor-version":[{"id":11051,"href":"https:\/\/www.trattoriavaleria.it\/sl\/wp-json\/wp\/v2\/pages\/10646\/revisions\/11051"}],"wp:featuredmedia":[{"embeddable":true,"href":"https:\/\/www.trattoriavaleria.it\/sl\/wp-json\/wp\/v2\/media\/11128"}],"wp:attachment":[{"href":"https:\/\/www.trattoriavaleria.it\/sl\/wp-json\/wp\/v2\/media?parent=10646"}],"curies":[{"name":"wp","href":"https:\/\/api.w.org\/{rel}","templated":true}]}}