{"id":10906,"date":"2018-03-08T17:53:17","date_gmt":"2018-03-08T16:53:17","guid":{"rendered":"http:\/\/www.trattoriavaleria.it\/de\/relax2\/"},"modified":"2018-03-26T20:45:43","modified_gmt":"2018-03-26T18:45:43","slug":"relax2","status":"publish","type":"page","link":"https:\/\/www.trattoriavaleria.it\/de\/relax2\/","title":{"rendered":"RELAX2"},"content":{"rendered":"[vc_row fullwidth=&#8220;true&#8220; parallax=&#8220;content-moving&#8220; parallax_image=&#8220;10374&#8243; css=&#8220;.vc_custom_1520528944101{margin-top: 0px !important;margin-bottom: 60px !important;padding-top: 150px !important;padding-bottom: 150px !important;}&#8220;][vc_column][\/vc_column][\/vc_row][vc_row css=&#8220;.vc_custom_1489152786882{padding-bottom: 60px !important;}&#8220;][vc_column width=&#8220;1\/4&#8243;][vc_column_text]\n<h4>Entspannung,Kultur und typischen Gerichten<\/h4>\n<h2>mit #TrattoriaHotelValeria<\/h2>\n[\/vc_column_text][\/vc_column][vc_column width=&#8220;3\/4&#8243;][vc_column_text]\n<p lang=\"sl-SI\" align=\"center\"><span style=\"font-family: Calibri, sans-serif;\"><span style=\"font-size: large;\"><i><b>Entspannung, Kultur und typischen Gerichten mit TRATTORIA HOTEL VALERIA \u2026&#8230;..<\/b><\/i><\/span><\/span><\/p>\n<p align=\"center\"><a name=\"result_box6\"><\/a><a name=\"result_box8\"><\/a> <span style=\"font-family: Calibri, sans-serif;\"><span style=\"font-size: large;\"><span lang=\"de-DE\"><i>nur ein paar Tage in Triest und Sie werden von dieser sch\u00f6nen, n\u00f6rdlichen und historischen Stadt verzaubert sei<\/i><\/span><\/span><\/span><span style=\"font-family: Calibri, sans-serif;\"><span style=\"font-size: large;\"><span lang=\"de-DE\"><i>n. <\/i><\/span><\/span><\/span> <span style=\"font-family: Calibri, sans-serif;\"><span style=\"font-size: large;\"><span lang=\"de-DE\"><i>Hier finden sich Entspannung, Kultur und gutes Essen. <\/i><\/span><\/span><\/span><\/p>\n<p lang=\"sl-SI\" align=\"left\"><span style=\"font-family: Calibri, sans-serif;\"><span style=\"font-size: large;\"><i><b>Doppelzimmer \u20ac45,00.- pro Person pro Nacht inkl. einem reichhaltigen Fr\u00fchst\u00fccksbuffet mit hausgemachten Produkten aus Zutaten der Region.<\/b><\/i><\/span><\/span><\/p>\n<p lang=\"sl-SI\" align=\"center\"><span style=\"font-family: Calibri, sans-serif;\"><span style=\"font-size: large;\"><i>Parkplatz<\/i><\/span><\/span><\/p>\n<p lang=\"sl-SI\" align=\"center\"><span style=\"font-family: Calibri, sans-serif;\"><span style=\"font-size: large;\"><i>W-Lan<\/i><\/span><\/span><\/p>\n<p lang=\"sl-SI\" align=\"center\"><span style=\"font-family: Calibri, sans-serif;\"><span style=\"font-size: large;\"><i>+<\/i><\/span><\/span><\/p>\n<p lang=\"sl-SI\" align=\"center\"><a name=\"result_box10\"><\/a> <span style=\"font-family: Calibri, sans-serif;\"><span style=\"font-size: large;\"><i><b><span lang=\"de-DE\">typisches Willkommensgetr\u00e4nk<\/span> \u00bbValeria\u00ab<\/b><\/i><\/span><\/span><\/p>\n<p lang=\"de-DE\" align=\"center\"><span style=\"font-family: Calibri, sans-serif;\"><span style=\"font-size: large;\"><i>Zus\u00e4tliche Men\u00fcverkostung inkl. passenden Weinen \u20ac 50,00- pro Person oder \u20ac 30,00- pro Person ohne zus\u00e4tzlichen Getr\u00e4nken. <\/i><\/span><\/span><\/p>\n<p lang=\"sl-SI\" align=\"center\"><span style=\"font-family: Calibri, sans-serif;\"><span style=\"font-size: large;\"><i><b>Reserviren Sie bei uns undes ist uns eine Freude, uns um Sie zu k\u00fcmmern<\/b><\/i><\/span><\/span><\/p>\n<p lang=\"sl-SI\" align=\"center\"><span style=\"font-family: Calibri, sans-serif;\"><span style=\"font-size: medium;\"><i>(dieses angebot ist g\u00fcltig von 05\/03\/2018 bis 29\/03\/2018)<\/i><\/span><\/span><\/p>\n[\/vc_column_text][\/vc_column][\/vc_row][vc_row equal_columns=&#8220;true&#8220;][vc_column width=&#8220;1\/4&#8243;][\/vc_column][vc_column width=&#8220;1\/4&#8243;][vc_single_image image=&#8220;10891&#8243; img_size=&#8220;400&#215;400&#8243;][\/vc_column][vc_column width=&#8220;1\/4&#8243;][vc_single_image image=&#8220;10736&#8243; img_size=&#8220;400&#215;400&#8243;][\/vc_column][vc_column width=&#8220;1\/4&#8243; css=&#8220;.vc_custom_1487948402575{background-position: center !important;background-repeat: no-repeat !important;background-size: cover !important;}&#8220;][vc_single_image image=&#8220;10890&#8243; img_size=&#8220;400&#215;400&#8243;][\/vc_column][\/vc_row][vc_row equal_columns=&#8220;true&#8220;][vc_column width=&#8220;1\/4&#8243;][\/vc_column][vc_column width=&#8220;3\/4&#8243;][vc_single_image image=&#8220;10729&#8243; img_size=&#8220;full&#8220; css=&#8220;.vc_custom_1510314607397{margin-bottom: 0px !important;}&#8220;][\/vc_column][\/vc_row][vc_row equal_columns=&#8220;true&#8220;][vc_column width=&#8220;1\/4&#8243;][\/vc_column][vc_column width=&#8220;3\/4&#8243;][vc_row_inner][vc_column_inner][vc_empty_space height=&#8220;30px&#8220;][vc_text_separator title=&#8220;Richiedi disponibilit\u00e0&#8220; color=&#8220;black&#8220; el_class=&#8220;prenotazione&#8220;][mk_title_box font_family=&#8220;none&#8220;]VERF\u00dcGBARKEIT IM GEW\u00dcNSCHTEN ZEITRAUM PR\u00dcFEN[\/mk_title_box][\/vc_column_inner][\/vc_row_inner]\n<div class=\"wpcf7 no-js\" id=\"wpcf7-f10688-o1\" lang=\"it-IT\" dir=\"ltr\" data-wpcf7-id=\"10688\">\n<div class=\"screen-reader-response\"><p role=\"status\" aria-live=\"polite\" aria-atomic=\"true\"><\/p> <ul><\/ul><\/div>\n<form action=\"\/de\/wp-json\/wp\/v2\/pages\/10906#wpcf7-f10688-o1\" method=\"post\" class=\"wpcf7-form init\" aria-label=\"Modulo di contatto\" novalidate=\"novalidate\" data-status=\"init\">\n<fieldset class=\"hidden-fields-container\"><input type=\"hidden\" name=\"_wpcf7\" value=\"10688\" \/><input type=\"hidden\" name=\"_wpcf7_version\" value=\"6.1.3\" \/><input type=\"hidden\" name=\"_wpcf7_locale\" value=\"it_IT\" \/><input type=\"hidden\" name=\"_wpcf7_unit_tag\" value=\"wpcf7-f10688-o1\" \/><input type=\"hidden\" name=\"_wpcf7_container_post\" value=\"0\" \/><input type=\"hidden\" name=\"_wpcf7_posted_data_hash\" value=\"\" \/><input type=\"hidden\" name=\"_wpcf7_recaptcha_response\" value=\"\" \/>\n<\/fieldset>\n<p><label> <span class=\"wpcf7-form-control-wrap\" data-name=\"your-name\"><input size=\"40\" maxlength=\"400\" class=\"wpcf7-form-control wpcf7-text wpcf7-validates-as-required\" aria-required=\"true\" aria-invalid=\"false\" placeholder=\"Name\" value=\"\" type=\"text\" name=\"your-name\" \/><\/span> <\/label><br \/>\n<label> <span class=\"wpcf7-form-control-wrap\" data-name=\"your-email\"><input size=\"40\" maxlength=\"400\" class=\"wpcf7-form-control wpcf7-email wpcf7-validates-as-required wpcf7-text wpcf7-validates-as-email\" aria-required=\"true\" aria-invalid=\"false\" placeholder=\"E-Mail\" value=\"\" type=\"email\" name=\"your-email\" \/><\/span> <\/label><br \/>\n<label> <span class=\"wpcf7-form-control-wrap\" data-name=\"your-tel\"><input size=\"40\" maxlength=\"400\" class=\"wpcf7-form-control wpcf7-tel wpcf7-validates-as-required wpcf7-text wpcf7-validates-as-tel\" aria-required=\"true\" aria-invalid=\"false\" placeholder=\"Telefon\" value=\"\" type=\"tel\" name=\"your-tel\" \/><\/span> <\/label>\n<\/p>\n<div style=\"display:inline-block;float:left;width:50%;\">\n\t<p><span class=\"wpcf7-form-control-wrap\" data-name=\"number-630\"><input class=\"wpcf7-form-control wpcf7-number wpcf7-validates-as-number\" aria-invalid=\"false\" placeholder=\"Personenanzahl\" value=\"\" type=\"number\" name=\"number-630\" \/><\/span>\n\t<\/p>\n<\/div>\n<div style=\"display:inline-block;float:left;width:50%;\">\n\t<p><span class=\"wpcf7-form-control-wrap\" data-name=\"number-632\"><input class=\"wpcf7-form-control wpcf7-number wpcf7-validates-as-number\" aria-invalid=\"false\" placeholder=\"Zimmeranzahl\" value=\"\" type=\"number\" name=\"number-632\" \/><\/span>\n\t<\/p>\n<\/div>\n<div style=\"display:inline-block;float:left;width:50%;\">\n\t<p>Von\n\t<\/p>\n<\/div>\n<div style=\"display:inline-block;float:left;width:50%;\">\n\t<p>bis\n\t<\/p>\n<\/div>\n<div style=\"display:inline-block;float:left;width:50%;\">\n\t<p><span class=\"wpcf7-form-control-wrap\" data-name=\"date-958\"><input class=\"wpcf7-form-control wpcf7-date wpcf7-validates-as-date\" aria-invalid=\"false\" placeholder=\"Von\" value=\"\" type=\"date\" name=\"date-958\" \/><\/span>\n\t<\/p>\n<\/div>\n<div style=\"display:inline-block;float:left;width:50%;\">\n\t<p><span class=\"wpcf7-form-control-wrap\" data-name=\"date-959\"><input class=\"wpcf7-form-control wpcf7-date wpcf7-validates-as-date\" aria-invalid=\"false\" placeholder=\"bis\" value=\"\" type=\"date\" name=\"date-959\" \/><\/span>\n\t<\/p>\n<\/div>\n<p><label> hai richieste particolari?<br \/>\n<span class=\"wpcf7-form-control-wrap\" data-name=\"your-message\"><input size=\"40\" maxlength=\"400\" class=\"wpcf7-form-control wpcf7-text\" aria-invalid=\"false\" placeholder=\"Deine Nachricht\" value=\"\" type=\"text\" name=\"your-message\" \/><\/span> <\/label>\n<\/p>\n<p><input class=\"wpcf7-form-control wpcf7-submit has-spinner\" type=\"submit\" value=\"Senden\" \/>\n<\/p><div class=\"wpcf7-response-output\" aria-hidden=\"true\"><\/div>\n<\/form>\n<\/div>\n[\/vc_column][\/vc_row][vc_row][vc_column][vc_empty_space][\/vc_column][\/vc_row]\n","protected":false},"excerpt":{"rendered":"<p>[vc_row fullwidth=&#8220;true&#8220; parallax=&#8220;content-moving&#8220; parallax_image=&#8220;10374&#8243; css=&#8220;.vc_custom_1520528944101{margin-top: 0px !important;margin-bottom: 60px !important;padding-top: 150px !important;padding-bottom: 150px !important;}&#8220;][vc_column][\/vc_column][\/vc_row][vc_row css=&#8220;.vc_custom_1489152786882{padding-bottom: 60px !important;}&#8220;][vc_column width=&#8220;1\/4&#8243;][vc_column_text] Entspannung,Kultur und typischen Gerichten mit #TrattoriaHotelValeria [\/vc_column_text][\/vc_column][vc_column width=&#8220;3\/4&#8243;][vc_column_text] Entspannung, Kultur und typischen Gerichten mit TRATTORIA HOTEL VALERIA \u2026&#8230;.. nur ein paar Tage in Triest und Sie werden von dieser sch\u00f6nen, n\u00f6rdlichen und historischen Stadt verzaubert sein. Hier finden [&hellip;]<\/p>\n","protected":false},"author":3,"featured_media":0,"parent":0,"menu_order":0,"comment_status":"closed","ping_status":"closed","template":"","meta":{"_monsterinsights_skip_tracking":false,"_monsterinsights_sitenote_active":false,"_monsterinsights_sitenote_note":"","_monsterinsights_sitenote_category":0,"footnotes":""},"class_list":["post-10906","page","type-page","status-publish","hentry"],"_links":{"self":[{"href":"https:\/\/www.trattoriavaleria.it\/de\/wp-json\/wp\/v2\/pages\/10906","targetHints":{"allow":["GET"]}}],"collection":[{"href":"https:\/\/www.trattoriavaleria.it\/de\/wp-json\/wp\/v2\/pages"}],"about":[{"href":"https:\/\/www.trattoriavaleria.it\/de\/wp-json\/wp\/v2\/types\/page"}],"author":[{"embeddable":true,"href":"https:\/\/www.trattoriavaleria.it\/de\/wp-json\/wp\/v2\/users\/3"}],"replies":[{"embeddable":true,"href":"https:\/\/www.trattoriavaleria.it\/de\/wp-json\/wp\/v2\/comments?post=10906"}],"version-history":[{"count":10,"href":"https:\/\/www.trattoriavaleria.it\/de\/wp-json\/wp\/v2\/pages\/10906\/revisions"}],"predecessor-version":[{"id":10944,"href":"https:\/\/www.trattoriavaleria.it\/de\/wp-json\/wp\/v2\/pages\/10906\/revisions\/10944"}],"wp:attachment":[{"href":"https:\/\/www.trattoriavaleria.it\/de\/wp-json\/wp\/v2\/media?parent=10906"}],"curies":[{"name":"wp","href":"https:\/\/api.w.org\/{rel}","templated":true}]}}