{"id":10685,"date":"2017-07-07T10:26:23","date_gmt":"2017-07-07T08:26:23","guid":{"rendered":"http:\/\/www.trattoriavaleria.it\/de\/?page_id=10685"},"modified":"2019-07-10T12:30:09","modified_gmt":"2019-07-10T10:30:09","slug":"kontakt","status":"publish","type":"page","link":"https:\/\/www.trattoriavaleria.it\/de\/kontakt\/","title":{"rendered":"KONTAKT"},"content":{"rendered":"[vc_row][vc_column width=&#8220;1\/4&#8243;][vc_column_text]\n<h1>KONTAKT<\/h1>\n[\/vc_column_text][\/vc_column][vc_column width=&#8220;2\/4&#8243;][vc_gmaps link=&#8220;#E-8_JTNDaWZyYW1lJTIwc3JjJTNEJTIyaHR0cHMlM0ElMkYlMkZ3d3cuZ29vZ2xlLmNvbSUyRm1hcHMlMkZlbWJlZCUzRnBiJTNEJTIxMW0xOCUyMTFtMTIlMjExbTMlMjExZDY5NjAuMTA2NTg3MDQ0Njg4JTIxMmQxMy43ODcxMjY1Nzg1NTY5MTElMjEzZDQ1LjY4ODEzMTgxNDI2NTc4JTIxMm0zJTIxMWYwJTIxMmYwJTIxM2YwJTIxM20yJTIxMWkxMDI0JTIxMmk3NjglMjE0ZjEzLjElMjEzbTMlMjExbTIlMjExczB4NDc3YjE0Yjc2MWUyN2Y4OSUyNTNBMHhjNTBiMGJiOTk0Mzc1OTZlJTIxMnNTdHIuJTJCcGVyJTJCVmllbm5hJTI1MkMlMkI1MiUyNTJDJTJCMzQxNTElMkJPcGljaW5hJTJCVFMlMjE1ZTAlMjEzbTIlMjExc2l0JTIxMnNpdCUyMTR2MTQ4OTk5ODkyMzM5OSUyMiUyMHdpZHRoJTNEJTIyNjAwJTIyJTIwaGVpZ2h0JTNEJTIyNTM1JTIyJTIwZnJhbWVib3JkZXIlM0QlMjIwJTIyJTIwc3R5bGUlM0QlMjJib3JkZXIlM0EwJTIyJTIwYWxsb3dmdWxsc2NyZWVuJTNFJTNDJTJGaWZyYW1lJTNF&#8220; size=&#8220;535&#8243;][\/vc_column][vc_column width=&#8220;1\/4&#8243;][vc_column_text]<strong>Gasthaus Valeria 1904<\/strong><br \/>\n<em>Restaurant &amp; Hotel<\/em><\/p>\n<p>Strada per Vienna, 52<br \/>\n34151 Opicina TRIEST<br \/>\n<a href=\"tel:00390409220286\">+39 040 9220286<br \/>\n<\/a><a href=\"tel:+393791253565\">+39 379 1253565\u00a0<\/a><br \/>\n<a href=\"mailto:info@trattoriavaleria.it\">info@trattoriavaleria.it<\/a>[\/vc_column_text]\n<div class=\"wpcf7 no-js\" id=\"wpcf7-f10687-o1\" lang=\"it-IT\" dir=\"ltr\" data-wpcf7-id=\"10687\">\n<div class=\"screen-reader-response\"><p role=\"status\" aria-live=\"polite\" aria-atomic=\"true\"><\/p> <ul><\/ul><\/div>\n<form action=\"\/de\/wp-json\/wp\/v2\/pages\/10685#wpcf7-f10687-o1\" method=\"post\" class=\"wpcf7-form init\" aria-label=\"Modulo di contatto\" novalidate=\"novalidate\" data-status=\"init\">\n<fieldset class=\"hidden-fields-container\"><input type=\"hidden\" name=\"_wpcf7\" value=\"10687\" \/><input type=\"hidden\" name=\"_wpcf7_version\" value=\"6.1.3\" \/><input type=\"hidden\" name=\"_wpcf7_locale\" value=\"it_IT\" \/><input type=\"hidden\" name=\"_wpcf7_unit_tag\" value=\"wpcf7-f10687-o1\" \/><input type=\"hidden\" name=\"_wpcf7_container_post\" value=\"0\" \/><input type=\"hidden\" name=\"_wpcf7_posted_data_hash\" value=\"\" \/><input type=\"hidden\" name=\"_wpcf7_recaptcha_response\" value=\"\" \/>\n<\/fieldset>\n<p><label> <span class=\"wpcf7-form-control-wrap\" data-name=\"your-name\"><input size=\"40\" maxlength=\"400\" class=\"wpcf7-form-control wpcf7-text wpcf7-validates-as-required\" aria-required=\"true\" aria-invalid=\"false\" value=\"Dein Name\" type=\"text\" name=\"your-name\" \/><\/span> <\/label>\n<\/p>\n<p><label> <span class=\"wpcf7-form-control-wrap\" data-name=\"your-email\"><input size=\"40\" maxlength=\"400\" class=\"wpcf7-form-control wpcf7-email wpcf7-validates-as-required wpcf7-text wpcf7-validates-as-email\" aria-required=\"true\" aria-invalid=\"false\" value=\"E\u2013Mail\" type=\"email\" name=\"your-email\" \/><\/span> <\/label>\n<\/p>\n<p><label> <span class=\"wpcf7-form-control-wrap\" data-name=\"your-subject\"><input size=\"40\" maxlength=\"400\" class=\"wpcf7-form-control wpcf7-text\" aria-invalid=\"false\" value=\"Betreff\" type=\"text\" name=\"your-subject\" \/><\/span> <\/label>\n<\/p>\n<p><label> <span class=\"wpcf7-form-control-wrap\" data-name=\"your-message\"><textarea cols=\"40\" rows=\"10\" maxlength=\"2000\" class=\"wpcf7-form-control wpcf7-textarea\" aria-invalid=\"false\" name=\"your-message\">Deine Nachricht<\/textarea><\/span> <\/label>\n<\/p>\n<p><input class=\"wpcf7-form-control wpcf7-submit has-spinner\" type=\"submit\" value=\"Senden\" \/>\n<\/p><div class=\"wpcf7-response-output\" aria-hidden=\"true\"><\/div>\n<\/form>\n<\/div>\n[\/vc_column][\/vc_row][vc_row][vc_column width=&#8220;1\/4&#8243;][\/vc_column][vc_column width=&#8220;3\/4&#8243;][vc_column_text margin_bottom=&#8220;20&#8243;]\n<h3>Werde unsere Mitarbeiterin, unser Mitarbeiter<\/h3>\n<p>Wenn Du Teil unseres Teams werden und mit unserer Familie Deine Hingabe zur Arbeit teilen willst, nimm Kontakt mit uns auf. Sende uns Deine E-Mail-Adresse an candidatura@trattoriavaleria.it. F\u00fchre deine Arbeitserfahrungen an, den Bereich, in dem Du Verantwortung \u00fcbernehmen m\u00f6chtest, und den gew\u00fcnschten Zeitpunkt Deines Eintritts. [\/vc_column_text][\/vc_column][\/vc_row]\n","protected":false},"excerpt":{"rendered":"<p>[vc_row][vc_column width=&#8220;1\/4&#8243;][vc_column_text] KONTAKT [\/vc_column_text][\/vc_column][vc_column width=&#8220;2\/4&#8243;][vc_gmaps link=&#8220;#E-8_JTNDaWZyYW1lJTIwc3JjJTNEJTIyaHR0cHMlM0ElMkYlMkZ3d3cuZ29vZ2xlLmNvbSUyRm1hcHMlMkZlbWJlZCUzRnBiJTNEJTIxMW0xOCUyMTFtMTIlMjExbTMlMjExZDY5NjAuMTA2NTg3MDQ0Njg4JTIxMmQxMy43ODcxMjY1Nzg1NTY5MTElMjEzZDQ1LjY4ODEzMTgxNDI2NTc4JTIxMm0zJTIxMWYwJTIxMmYwJTIxM2YwJTIxM20yJTIxMWkxMDI0JTIxMmk3NjglMjE0ZjEzLjElMjEzbTMlMjExbTIlMjExczB4NDc3YjE0Yjc2MWUyN2Y4OSUyNTNBMHhjNTBiMGJiOTk0Mzc1OTZlJTIxMnNTdHIuJTJCcGVyJTJCVmllbm5hJTI1MkMlMkI1MiUyNTJDJTJCMzQxNTElMkJPcGljaW5hJTJCVFMlMjE1ZTAlMjEzbTIlMjExc2l0JTIxMnNpdCUyMTR2MTQ4OTk5ODkyMzM5OSUyMiUyMHdpZHRoJTNEJTIyNjAwJTIyJTIwaGVpZ2h0JTNEJTIyNTM1JTIyJTIwZnJhbWVib3JkZXIlM0QlMjIwJTIyJTIwc3R5bGUlM0QlMjJib3JkZXIlM0EwJTIyJTIwYWxsb3dmdWxsc2NyZWVuJTNFJTNDJTJGaWZyYW1lJTNF&#8220; size=&#8220;535&#8243;][\/vc_column][vc_column width=&#8220;1\/4&#8243;][vc_column_text]Gasthaus Valeria 1904 Restaurant &amp; Hotel Strada per Vienna, 52 34151 Opicina TRIEST +39 040 9220286 +39 379 1253565\u00a0 info@trattoriavaleria.it[\/vc_column_text][\/vc_column][\/vc_row][vc_row][vc_column width=&#8220;1\/4&#8243;][\/vc_column][vc_column width=&#8220;3\/4&#8243;][vc_column_text margin_bottom=&#8220;20&#8243;] Werde unsere Mitarbeiterin, unser Mitarbeiter Wenn Du Teil unseres Teams werden und mit unserer Familie Deine Hingabe zur Arbeit teilen willst, nimm Kontakt mit uns [&hellip;]<\/p>\n","protected":false},"author":1,"featured_media":0,"parent":0,"menu_order":0,"comment_status":"closed","ping_status":"closed","template":"","meta":{"_monsterinsights_skip_tracking":false,"_monsterinsights_sitenote_active":false,"_monsterinsights_sitenote_note":"","_monsterinsights_sitenote_category":0,"footnotes":""},"class_list":["post-10685","page","type-page","status-publish","hentry"],"_links":{"self":[{"href":"https:\/\/www.trattoriavaleria.it\/de\/wp-json\/wp\/v2\/pages\/10685","targetHints":{"allow":["GET"]}}],"collection":[{"href":"https:\/\/www.trattoriavaleria.it\/de\/wp-json\/wp\/v2\/pages"}],"about":[{"href":"https:\/\/www.trattoriavaleria.it\/de\/wp-json\/wp\/v2\/types\/page"}],"author":[{"embeddable":true,"href":"https:\/\/www.trattoriavaleria.it\/de\/wp-json\/wp\/v2\/users\/1"}],"replies":[{"embeddable":true,"href":"https:\/\/www.trattoriavaleria.it\/de\/wp-json\/wp\/v2\/comments?post=10685"}],"version-history":[{"count":3,"href":"https:\/\/www.trattoriavaleria.it\/de\/wp-json\/wp\/v2\/pages\/10685\/revisions"}],"predecessor-version":[{"id":10959,"href":"https:\/\/www.trattoriavaleria.it\/de\/wp-json\/wp\/v2\/pages\/10685\/revisions\/10959"}],"wp:attachment":[{"href":"https:\/\/www.trattoriavaleria.it\/de\/wp-json\/wp\/v2\/media?parent=10685"}],"curies":[{"name":"wp","href":"https:\/\/api.w.org\/{rel}","templated":true}]}}