{"id":10683,"date":"2017-07-07T10:24:52","date_gmt":"2017-07-07T08:24:52","guid":{"rendered":"http:\/\/www.trattoriavaleria.it\/de\/?page_id=10683"},"modified":"2022-01-12T15:55:26","modified_gmt":"2022-01-12T14:55:26","slug":"der-karst-und-seine-umgebung","status":"publish","type":"page","link":"https:\/\/www.trattoriavaleria.it\/de\/der-karst-und-seine-umgebung\/","title":{"rendered":"Der Karst und seine Umgebung"},"content":{"rendered":"[vc_row fullwidth=&#8220;true&#8220; parallax=&#8220;content-moving&#8220; parallax_speed_bg=&#8220;3&#8243; css=&#8220;.vc_custom_1641999311360{margin-top: 0px !important;margin-bottom: 60px !important;}&#8220;][vc_column]<div class=\"avt_masterslider_el \" >\n\t\t<!-- MasterSlider -->\n\t\t<div id=\"P_MS69e8ee7453b47\" class=\"master-slider-parent msl ms-parent-id-6\" style=\"\">\n\n\t\t\t\n\t\t\t<!-- MasterSlider Main -->\n\t\t\t<div id=\"MS69e8ee7453b47\" class=\"master-slider ms-skin-light-6 round-skin\" >\n\t\t\t\t \t\t\t\t \n\t\t\t\t<div  class=\"ms-slide\" data-delay=\"3\" data-fill-mode=\"fill\"  >\n\t\t\t\t\t<img decoding=\"async\" src=\"https:\/\/www.trattoriavaleria.it\/wp-content\/plugins\/master-slider\/public\/assets\/css\/blank.gif\" alt=\"\" title=\"\" data-src=\"https:\/\/www.trattoriavaleria.it\/wp-content\/uploads\/2017\/02\/stanjel-ruj-2.jpg\" \/>\n\n\n\t<div class=\"ms-thumb\" ><div class=\"ms-tab-context\"><div class=\"&quot;ms-tab-context&quot;\"><\/div><\/div>\n<\/div>\n\t\t\t\t<\/div>\n\n\t\t\t<\/div>\n\t\t\t<!-- END MasterSlider Main -->\n\n\t\t\t \n\t\t<\/div>\n\t\t<!-- END MasterSlider -->\n\n\t\t<script>\n\t\t(function ( $ ) {\n\t\t\t\"use strict\";\n\n\t\t\t$(function () {\n\t\t\t\tvar masterslider_3b47 = new MasterSlider();\n\n\t\t\t\t\/\/ slider controls\n\n\t\t\t\t\/\/ slider setup\n\t\t\t\tmasterslider_3b47.setup(\"MS69e8ee7453b47\", {\n\t\t\t\t\t\twidth           : 800,\n\t\t\t\t\t\theight          : 480,\n\t\t\t\t\t\tminHeight       : 0,\n\t\t\t\t\t\tspace           : 0,\n\t\t\t\t\t\tstart           : 1,\n\t\t\t\t\t\tgrabCursor      : true,\n\t\t\t\t\t\tswipe           : true,\n\t\t\t\t\t\tmouse           : true,\n\t\t\t\t\t\tlayout          : \"fullwidth\",\n\t\t\t\t\t\twheel           : false,\n\t\t\t\t\t\tautoplay        : false,\n\t\t\t\t\t\tinstantStartLayers:false,\n\t\t\t\t\t\tloop            : false,\n\t\t\t\t\t\tshuffle         : false,\n\t\t\t\t\t\tpreload         : 0,\n\t\t\t\t\t\theightLimit     : true,\n\t\t\t\t\t\tautoHeight      : false,\n\t\t\t\t\t\tsmoothHeight    : true,\n\t\t\t\t\t\tendPause        : false,\n\t\t\t\t\t\toverPause       : true,\n\t\t\t\t\t\tfillMode        : \"fill\",\n\t\t\t\t\t\tcenterControls  : false,\n\t\t\t\t\t\tstartOnAppear   : false,\n\t\t\t\t\t\tlayersMode      : \"center\",\n\t\t\t\t\t\thideLayers      : false,\n\t\t\t\t\t\tfullscreenMargin: 0,\n\t\t\t\t\t\tspeed           : 20,\n\t\t\t\t\t\tdir             : \"h\",\n\t\t\t\t\t\tparallaxMode    : 'swipe',\n\t\t\t\t\t\tview            : \"basic\"\n\t\t\t\t});\n\n\t\t\t\t\n\t\t\t\twindow.masterslider_instances = window.masterslider_instances || [];\n\t\t\t\twindow.masterslider_instances.push( masterslider_3b47 );\n\t\t\t });\n\n\t\t})(jQuery);\n\t\t<\/script>\n\n<\/div>[\/vc_column][\/vc_row][vc_row css=&#8220;.vc_custom_1489152735681{padding-bottom: 60px !important;}&#8220;][vc_column width=&#8220;1\/4&#8243;][vc_column_text][vc_row][vc_column width=&#8220;1\/4&#8243;][vc_column_text]\n<h1 style=\"text-align: left;\">Der Karst und seine Umgebung<\/h1>\n<h2 style=\"text-align: right;\"><\/h2>\n[\/vc_column_text][\/vc_column][vc_column width=&#8220;3\/4&#8243;][vc_column_text]Das Hotel Valeria liegt im Herzen von Opicina und ist 3 km vom Grenz\u00fcbergang Fernetti entfernt. Bis ins Stadtzentrum von Triest sind es keine zehn Minuten Autofahrt. Wegen seiner strategischen Lage stellt es eine g\u00fcnstige L\u00f6sung f\u00fcr Einzelreisende und Familien dar, die eine bequeme Unterkunft, vorz\u00fcgliche lokale Speisen und ein Hotel w\u00fcnschen, in dem sie sich verw\u00f6hnt wie zu Hause f\u00fchlen.<br \/>\nAu\u00dferdem ist es von Opicina aus m\u00f6glich, mit \u00f6ffentlichen Verkehrsmitteln alle Destinationen der Karst-Hochebene zu erreichen. Nach vorheriger Vereinbarung ist der Besuch lokaler Weinbauern, Oliven\u00f6lhersteller und Imker m\u00f6glich.[\/vc_column_text][\/vc_column][\/vc_row][vc_row][vc_column][vc_empty_space][\/vc_column][\/vc_row][vc_row equal_columns=&#8220;true&#8220;][vc_column width=&#8220;1\/4&#8243;][\/vc_column][vc_column width=&#8220;3\/4&#8243;][vc_single_image image=&#8220;10437&#8243; img_size=&#8220;800&#215;475&#8243;][\/vc_column][\/vc_row][vc_row][vc_column][vc_empty_space][\/vc_column][\/vc_row][vc_row][vc_column width=&#8220;1\/4&#8243;][\/vc_column][vc_column width=&#8220;1\/4&#8243;][mk_title_box color=&#8220;#b19484&#8243; size=&#8220;26&#8243; font_weight=&#8220;500&#8243; font_family=&#8220;none&#8220; align=&#8220;center&#8220;]1[\/mk_title_box][vc_column_text]Die Provinz von Triest erstreckt sich entlang eines kurzen Landstreifens am \u00e4u\u00dfersten Rand des s\u00fcd\u00f6stlichen Friaul-Julisch Venetiens zwischen der Adria und der Grenze zu Slowenien. Aufgrund ihrer einzigartigen Umgebung, ihrer historischen und kunstgeschichtlichen Sehensw\u00fcrdigkeiten und wegen ihres ausgesprochen mitteleurop\u00e4ischen Charakters geh\u00f6rt sie zu den erstrangigen Destinationen und hat in der Vergangenheit zahlreiche bedeutende Autoren wie Rainer Maria Rilke, James Joyce oder Italo Svevo bezaubert und inspiriert.[\/vc_column_text][\/vc_column][vc_column width=&#8220;1\/4&#8243;][mk_title_box color=&#8220;#b19484&#8243; size=&#8220;26&#8243; font_weight=&#8220;500&#8243; font_family=&#8220;none&#8220; align=&#8220;center&#8220;]2[\/mk_title_box][vc_column_text]Die Grotta Gigante bei Brisciachi\/Bri\u0161\u010dki ist eine Karsth\u00f6hle, die 1840 erforscht und 1908 vom Club Touristi Triestini f\u00fcr touristische Zwecke ge\u00f6ffnet wurde. Die Grotte liegt auf der Karst-Hochebene wenige Kilometer von Triest und von der slowenischen Grenze entfernt (Grenz\u00fcbergang Monrupino\/Repentabor). Ihre einzigartige Besonderheit ist die Tatsache, dass sie die gr\u00f6\u00dfte nat\u00fcrliche Halle unter den touristisch erschlossenen H\u00f6hlen der Welt aufweist: Ihre L\u00e4nge betr\u00e4gt 167,60 Meter, ihre H\u00f6he 98,50 Meter und ihre Breite 76,30 Meter. 1995 wurde sie ins Guinness-Buch der Rekorde aufgenommen.[\/vc_column_text][\/vc_column][vc_column width=&#8220;1\/4&#8243;][mk_title_box color=&#8220;#b19484&#8243; size=&#8220;26&#8243; font_weight=&#8220;500&#8243; font_family=&#8220;none&#8220; align=&#8220;center&#8220;]3[\/mk_title_box][vc_column_text]Lipica ist das \u00e4lteste Gest\u00fct Europas, das seit mehr als 400 Jahren ohne Unterbrechung eine der \u00e4ltesten Pferderassen z\u00fcchtet. Aus diesem Grund ist es f\u00fcr das historische und das Kultur- und Naturerbe des slowenischen und des gesamteurop\u00e4ischen Raumes von beispielloser Bedeutung.[\/vc_column_text][\/vc_column][\/vc_row][vc_row][vc_column][vc_empty_space][\/vc_column][\/vc_row][vc_row][vc_column width=&#8220;1\/4&#8243;][\/vc_column][vc_column width=&#8220;1\/4&#8243;][mk_title_box color=&#8220;#b19484&#8243; size=&#8220;26&#8243; font_weight=&#8220;500&#8243; font_family=&#8220;none&#8220; align=&#8220;center&#8220;]4[\/mk_title_box][vc_column_text]Die Adelsberger Grotte\/Postojnska jama ist ohne Zweifel eine der bekanntesten Grotten weltweit. An der Peripherie Postojnas gelegen ist sie die attraktivste slowenische Sehensw\u00fcrdigkeit, ein klassisches Beispiel der Karstlandschaft. Die Grotte ist ein Flechtwerk aus H\u00f6hlen und H\u00f6hleng\u00e4ngen mit einer L\u00e4nge von 21 km (soweit bis heute entdeckt), das in 185 Jahren von mehr als 30 Millionen Menschen besucht wurde. Eine Unmenge von Stalaktiten und Stalagmiten, die im Lauf von Jahrtausenden durch f\u00fcrs menschliche Auge unsichgtbare Prozesse herausgebildet wurden, zieren ihr Inneres. Die Entwicklung der Tropfsteine ist die Folge von stetigem Tropfen von Wasser, das Kalziumkarbonat enth\u00e4lt.[\/vc_column_text][\/vc_column][vc_column width=&#8220;1\/4&#8243;][mk_title_box color=&#8220;#b19484&#8243; size=&#8220;26&#8243; font_weight=&#8220;500&#8243; font_family=&#8220;none&#8220; align=&#8220;center&#8220;]5 &#8211; 6[\/mk_title_box][vc_column_text]Die Anbauzone Karst stellt zwar ein begrenztes, aber beinahe noch unversehrtes Gebiet dar, das jedoch sehr vielf\u00e4ltig ist. Es geht um ein Ganzes, das von den Einheimischen nachhaltig kultiviert wurde: Es bringt wertvolle Traubensorten hervor und schenkt uns Weine von ausgepr\u00e4gter Pers\u00f6nlichkeit.<br \/>\nIm Karst wird auf Qualit\u00e4t mehr Wert gelegt als auf Quantit\u00e4t. Gegenw\u00e4rtig ist in der Provinz von Triest die Bezeichnung D.O.C. auf die Weine Vitovska, Terrano, Chardonnay, Malvasia, Sauvignon, Merlot und Refosco begrenzt. Echte, urspr\u00fcngliche Weine, die verkostet geh\u00f6ren. Das Konsortium zum Schutz der kontrollierten Herkunft der Karst-Weine ist unter der Telefonnummer +39 040 417649 erreichbar.<br \/>\n[\/vc_column_text][\/vc_column][vc_column width=&#8220;1\/4&#8243;][mk_title_box color=&#8220;#b19484&#8243; size=&#8220;26&#8243; font_weight=&#8220;500&#8243; font_family=&#8220;none&#8220; align=&#8220;center&#8220;]7[\/mk_title_box][vc_column_text]Grado, auch die Goldene Insel genannt, liegt zwischen seiner Lagune und dem Adriatischen Meer, auf einer Landzunge, deren Ganzes seinerzeit die K\u00fcstenlinie darstellte. Grado hat sich zu einem der wichtigsten Badeorte der n\u00f6rdlichen Adria entwickelt und weist zahlreiche Natur- und Kultursehensw\u00fcrdigkeiten auf. Die Sch\u00f6nheit Grados ist seinem t\u00fcrkisen Meer und den Sonnenstr\u00e4nden geschuldet, aber auch der historische Altsatdt, die von der wundersch\u00f6nen Lagune umgeben ist. Die kleinen Geb\u00e4ude, versunken in das suggestive Geflecht von Gassen und Pl\u00e4tzen, sind unvergesslich.[\/vc_column_text][\/vc_column][\/vc_row][vc_row][vc_column][vc_empty_space][\/vc_column][\/vc_row][vc_row][vc_column width=&#8220;1\/4&#8243;][\/vc_column][vc_column width=&#8220;1\/4&#8243;][mk_title_box color=&#8220;#b19484&#8243; size=&#8220;26&#8243; font_weight=&#8220;500&#8243; font_family=&#8220;none&#8220; align=&#8220;center&#8220;]8[\/mk_title_box][vc_column_text]Portoro\u017e liegt in der Gemeinde Piran in Slowenien. Seit dem Ende des 19. Jahrhunderts wurde das St\u00e4dtchen dank seiner Thermen und B\u00e4der st\u00e4ndig bekannter. Mit Anfang des 20. Jahrhunderts entwickelte sich Protoro\u017e gemeinsam mit Opatija, Lido und Grado zu einem weitbekannten Badezentrum an der oberen Adria. Hier befindet sich unter anderem das Palace Hotel, das seinerzeit einer der prestigetr\u00e4chtigsten Hotelkomplexe der k. u. k. \u00f6sterreichisch-ungarischen Monarchie war. Es z\u00e4hlt zur Zeit zu den besten Hotels zwischen Venedig und Dubrovnik. Dem St\u00e4dtchen und seiner Umgebung steht der internationale Flughafen von Protoro\u017e in Se\u010dovlje zur Verf\u00fcgung.[\/vc_column_text][\/vc_column][vc_column width=&#8220;1\/4&#8243;][\/vc_column][vc_column width=&#8220;1\/4&#8243;][\/vc_column][\/vc_row][vc_row][vc_column][vc_empty_space][\/vc_column][\/vc_row][vc_row][vc_column][\/vc_column][\/vc_row]\n","protected":false},"excerpt":{"rendered":"<p>[vc_row fullwidth=&#8220;true&#8220; parallax=&#8220;content-moving&#8220; parallax_speed_bg=&#8220;3&#8243; css=&#8220;.vc_custom_1641999311360{margin-top: 0px !important;margin-bottom: 60px !important;}&#8220;][vc_column][\/vc_column][\/vc_row][vc_row css=&#8220;.vc_custom_1489152735681{padding-bottom: 60px !important;}&#8220;][vc_column width=&#8220;1\/4&#8243;][vc_column_text][vc_row][vc_column width=&#8220;1\/4&#8243;][vc_column_text] Der Karst und seine Umgebung [\/vc_column_text][\/vc_column][vc_column width=&#8220;3\/4&#8243;][vc_column_text]Das Hotel Valeria liegt im Herzen von Opicina und ist 3 km vom Grenz\u00fcbergang Fernetti entfernt. Bis ins Stadtzentrum von Triest sind es keine zehn Minuten Autofahrt. Wegen seiner strategischen Lage stellt es eine g\u00fcnstige [&hellip;]<\/p>\n","protected":false},"author":1,"featured_media":0,"parent":0,"menu_order":0,"comment_status":"closed","ping_status":"closed","template":"","meta":{"_monsterinsights_skip_tracking":false,"_monsterinsights_sitenote_active":false,"_monsterinsights_sitenote_note":"","_monsterinsights_sitenote_category":0,"footnotes":""},"class_list":["post-10683","page","type-page","status-publish","hentry"],"_links":{"self":[{"href":"https:\/\/www.trattoriavaleria.it\/de\/wp-json\/wp\/v2\/pages\/10683","targetHints":{"allow":["GET"]}}],"collection":[{"href":"https:\/\/www.trattoriavaleria.it\/de\/wp-json\/wp\/v2\/pages"}],"about":[{"href":"https:\/\/www.trattoriavaleria.it\/de\/wp-json\/wp\/v2\/types\/page"}],"author":[{"embeddable":true,"href":"https:\/\/www.trattoriavaleria.it\/de\/wp-json\/wp\/v2\/users\/1"}],"replies":[{"embeddable":true,"href":"https:\/\/www.trattoriavaleria.it\/de\/wp-json\/wp\/v2\/comments?post=10683"}],"version-history":[{"count":4,"href":"https:\/\/www.trattoriavaleria.it\/de\/wp-json\/wp\/v2\/pages\/10683\/revisions"}],"predecessor-version":[{"id":11043,"href":"https:\/\/www.trattoriavaleria.it\/de\/wp-json\/wp\/v2\/pages\/10683\/revisions\/11043"}],"wp:attachment":[{"href":"https:\/\/www.trattoriavaleria.it\/de\/wp-json\/wp\/v2\/media?parent=10683"}],"curies":[{"name":"wp","href":"https:\/\/api.w.org\/{rel}","templated":true}]}}