{"id":10681,"date":"2017-07-07T10:23:01","date_gmt":"2017-07-07T08:23:01","guid":{"rendered":"http:\/\/www.trattoriavaleria.it\/de\/?page_id=10681"},"modified":"2022-01-12T16:04:55","modified_gmt":"2022-01-12T15:04:55","slug":"saleta","status":"publish","type":"page","link":"https:\/\/www.trattoriavaleria.it\/de\/saleta\/","title":{"rendered":"\u0160ALETA"},"content":{"rendered":"[vc_row fullwidth=&#8220;true&#8220; parallax=&#8220;content-moving&#8220; css=&#8220;.vc_custom_1641999883400{margin-top: 0px !important;margin-bottom: 60px !important;}&#8220;][vc_column]<div class=\"avt_masterslider_el \" >\n\t\t<!-- MasterSlider -->\n\t\t<div id=\"P_MS69f3b60c9e5c1\" class=\"master-slider-parent msl ms-parent-id-5\" style=\"\">\n\n\t\t\t\n\t\t\t<!-- MasterSlider Main -->\n\t\t\t<div id=\"MS69f3b60c9e5c1\" class=\"master-slider ms-skin-light-6 round-skin\" >\n\t\t\t\t \t\t\t\t \n\t\t\t\t<div  class=\"ms-slide\" data-delay=\"3\" data-fill-mode=\"fill\"  >\n\t\t\t\t\t<img decoding=\"async\" src=\"https:\/\/www.trattoriavaleria.it\/wp-content\/plugins\/master-slider\/public\/assets\/css\/blank.gif\" alt=\"\" title=\"\" data-src=\"https:\/\/www.trattoriavaleria.it\/wp-content\/uploads\/2017\/02\/hotel-valeria-photo-dean-dubokovic-116.jpg\" \/>\n\n\n\t<div class=\"ms-thumb\" ><div class=\"ms-tab-context\"><div class=\"&quot;ms-tab-context&quot;\"><\/div><\/div>\n<\/div>\n\t\t\t\t<\/div>\n\n\t\t\t<\/div>\n\t\t\t<!-- END MasterSlider Main -->\n\n\t\t\t \n\t\t<\/div>\n\t\t<!-- END MasterSlider -->\n\n\t\t<script>\n\t\t(function ( $ ) {\n\t\t\t\"use strict\";\n\n\t\t\t$(function () {\n\t\t\t\tvar masterslider_e5c1 = new MasterSlider();\n\n\t\t\t\t\/\/ slider controls\n\n\t\t\t\t\/\/ slider setup\n\t\t\t\tmasterslider_e5c1.setup(\"MS69f3b60c9e5c1\", {\n\t\t\t\t\t\twidth           : 800,\n\t\t\t\t\t\theight          : 480,\n\t\t\t\t\t\tminHeight       : 0,\n\t\t\t\t\t\tspace           : 0,\n\t\t\t\t\t\tstart           : 1,\n\t\t\t\t\t\tgrabCursor      : true,\n\t\t\t\t\t\tswipe           : true,\n\t\t\t\t\t\tmouse           : true,\n\t\t\t\t\t\tlayout          : \"fullwidth\",\n\t\t\t\t\t\twheel           : false,\n\t\t\t\t\t\tautoplay        : false,\n\t\t\t\t\t\tinstantStartLayers:false,\n\t\t\t\t\t\tloop            : false,\n\t\t\t\t\t\tshuffle         : false,\n\t\t\t\t\t\tpreload         : 0,\n\t\t\t\t\t\theightLimit     : true,\n\t\t\t\t\t\tautoHeight      : false,\n\t\t\t\t\t\tsmoothHeight    : true,\n\t\t\t\t\t\tendPause        : false,\n\t\t\t\t\t\toverPause       : true,\n\t\t\t\t\t\tfillMode        : \"fill\",\n\t\t\t\t\t\tcenterControls  : false,\n\t\t\t\t\t\tstartOnAppear   : false,\n\t\t\t\t\t\tlayersMode      : \"center\",\n\t\t\t\t\t\thideLayers      : false,\n\t\t\t\t\t\tfullscreenMargin: 0,\n\t\t\t\t\t\tspeed           : 20,\n\t\t\t\t\t\tdir             : \"h\",\n\t\t\t\t\t\tparallaxMode    : 'swipe',\n\t\t\t\t\t\tview            : \"basic\"\n\t\t\t\t});\n\n\t\t\t\t\n\t\t\t\twindow.masterslider_instances = window.masterslider_instances || [];\n\t\t\t\twindow.masterslider_instances.push( masterslider_e5c1 );\n\t\t\t });\n\n\t\t})(jQuery);\n\t\t<\/script>\n\n<\/div>[\/vc_column][\/vc_row][vc_row css=&#8220;.vc_custom_1489154619409{margin-bottom: 60px !important;}&#8220;][vc_column width=&#8220;1\/4&#8243;][vc_column_text]\n<h1 style=\"text-align: left;\">\u0160ALETA<\/h1>\n<h2 style=\"text-align: right;\"><\/h2>\n[\/vc_column_text][\/vc_column][vc_column width=&#8220;3\/4&#8243;][vc_column_text]Ein informeller und vielseitiger Raum, geeignet f\u00fcr schnelle Mittagessen, f\u00fcr Aperitifs oder zum Chillen nach dem Abendessen. Meister Tom bietet kalte und warme Speisen, je nach saisonaler Verf\u00fcgbarkeit frisch und t\u00e4glich zubereitet.<br \/>\nDie Sepisenfolge ist immer etwas anders und findet seine Grundlage in frischen und urspr\u00fcnglichen lokalen Produkten. Die \u0160aleta kann f\u00fcr besondere Anl\u00e4sse und Feiern reserviert werden.<br \/>\nDie K\u00fcche ist von 12:00 bis 14:30 Uhr und von 18:00 bis 23:00 Uhr ge\u00f6ffnet[\/vc_column_text][\/vc_column][\/vc_row][vc_row equal_columns=&#8220;true&#8220;][vc_column width=&#8220;1\/4&#8243;][\/vc_column][vc_column width=&#8220;1\/4&#8243;][vc_single_image image=&#8220;10383&#8243; img_size=&#8220;400&#215;430&#8243;][\/vc_column][vc_column width=&#8220;2\/4&#8243;][vc_single_image image=&#8220;10337&#8243; img_size=&#8220;800&#215;400&#8243;][\/vc_column][\/vc_row][vc_row equal_columns=&#8220;true&#8220;][vc_column width=&#8220;1\/4&#8243;][\/vc_column][vc_column width=&#8220;1\/4&#8243;][vc_single_image image=&#8220;10357&#8243; img_size=&#8220;400&#215;400&#8243;][\/vc_column][vc_column width=&#8220;1\/4&#8243;][vc_single_image image=&#8220;10369&#8243; img_size=&#8220;400&#215;400&#8243;][\/vc_column][vc_column width=&#8220;1\/4&#8243;][vc_single_image image=&#8220;10471&#8243; img_size=&#8220;400&#215;400&#8243;][\/vc_column][\/vc_row][vc_row equal_columns=&#8220;true&#8220;][vc_column width=&#8220;1\/4&#8243;][\/vc_column][vc_column width=&#8220;3\/4&#8243;][vc_single_image image=&#8220;10384&#8243; img_size=&#8220;full&#8220;][\/vc_column][\/vc_row][vc_row][vc_column][vc_empty_space][\/vc_column][\/vc_row]\n","protected":false},"excerpt":{"rendered":"<p>[vc_row fullwidth=&#8220;true&#8220; parallax=&#8220;content-moving&#8220; css=&#8220;.vc_custom_1641999883400{margin-top: 0px !important;margin-bottom: 60px !important;}&#8220;][vc_column][\/vc_column][\/vc_row][vc_row css=&#8220;.vc_custom_1489154619409{margin-bottom: 60px !important;}&#8220;][vc_column width=&#8220;1\/4&#8243;][vc_column_text] \u0160ALETA [\/vc_column_text][\/vc_column][vc_column width=&#8220;3\/4&#8243;][vc_column_text]Ein informeller und vielseitiger Raum, geeignet f\u00fcr schnelle Mittagessen, f\u00fcr Aperitifs oder zum Chillen nach dem Abendessen. Meister Tom bietet kalte und warme Speisen, je nach saisonaler Verf\u00fcgbarkeit frisch und t\u00e4glich zubereitet. Die Sepisenfolge ist immer etwas anders und findet seine [&hellip;]<\/p>\n","protected":false},"author":1,"featured_media":0,"parent":0,"menu_order":0,"comment_status":"closed","ping_status":"closed","template":"","meta":{"_monsterinsights_skip_tracking":false,"_monsterinsights_sitenote_active":false,"_monsterinsights_sitenote_note":"","_monsterinsights_sitenote_category":0,"footnotes":""},"class_list":["post-10681","page","type-page","status-publish","hentry"],"_links":{"self":[{"href":"https:\/\/www.trattoriavaleria.it\/de\/wp-json\/wp\/v2\/pages\/10681","targetHints":{"allow":["GET"]}}],"collection":[{"href":"https:\/\/www.trattoriavaleria.it\/de\/wp-json\/wp\/v2\/pages"}],"about":[{"href":"https:\/\/www.trattoriavaleria.it\/de\/wp-json\/wp\/v2\/types\/page"}],"author":[{"embeddable":true,"href":"https:\/\/www.trattoriavaleria.it\/de\/wp-json\/wp\/v2\/users\/1"}],"replies":[{"embeddable":true,"href":"https:\/\/www.trattoriavaleria.it\/de\/wp-json\/wp\/v2\/comments?post=10681"}],"version-history":[{"count":3,"href":"https:\/\/www.trattoriavaleria.it\/de\/wp-json\/wp\/v2\/pages\/10681\/revisions"}],"predecessor-version":[{"id":11055,"href":"https:\/\/www.trattoriavaleria.it\/de\/wp-json\/wp\/v2\/pages\/10681\/revisions\/11055"}],"wp:attachment":[{"href":"https:\/\/www.trattoriavaleria.it\/de\/wp-json\/wp\/v2\/media?parent=10681"}],"curies":[{"name":"wp","href":"https:\/\/api.w.org\/{rel}","templated":true}]}}