{"id":10679,"date":"2017-07-07T10:22:21","date_gmt":"2017-07-07T08:22:21","guid":{"rendered":"http:\/\/www.trattoriavaleria.it\/de\/?page_id=10679"},"modified":"2025-11-05T16:43:56","modified_gmt":"2025-11-05T15:43:56","slug":"restaurant","status":"publish","type":"page","link":"https:\/\/www.trattoriavaleria.it\/de\/restaurant\/","title":{"rendered":"Restaurant"},"content":{"rendered":"[vc_row fullwidth=&#8220;true&#8220; parallax=&#8220;content-moving&#8220; css=&#8220;.vc_custom_1641999830857{margin-top: 0px !important;margin-bottom: 60px !important;}&#8220;][vc_column]<div class=\"avt_masterslider_el \" >\n\t\t<!-- MasterSlider -->\n\t\t<div id=\"P_MS69e8ee0789eab\" class=\"master-slider-parent msl ms-parent-id-4\" style=\"\">\n\n\t\t\t\n\t\t\t<!-- MasterSlider Main -->\n\t\t\t<div id=\"MS69e8ee0789eab\" class=\"master-slider ms-skin-light-6 round-skin\" >\n\t\t\t\t \t\t\t\t \n\t\t\t\t<div  class=\"ms-slide\" data-delay=\"3\" data-fill-mode=\"fill\"  >\n\t\t\t\t\t<img decoding=\"async\" src=\"https:\/\/www.trattoriavaleria.it\/wp-content\/plugins\/master-slider\/public\/assets\/css\/blank.gif\" alt=\"\" title=\"\" data-src=\"https:\/\/www.trattoriavaleria.it\/wp-content\/uploads\/2017\/02\/hotel-valeria-saleta-103.jpg\" \/>\n\n\n\t<div class=\"ms-thumb\" ><div class=\"ms-tab-context\"><div class=\"&quot;ms-tab-context&quot;\"><\/div><\/div>\n<\/div>\n\t\t\t\t<\/div>\n\n\t\t\t<\/div>\n\t\t\t<!-- END MasterSlider Main -->\n\n\t\t\t \n\t\t<\/div>\n\t\t<!-- END MasterSlider -->\n\n\t\t<script>\n\t\t(function ( $ ) {\n\t\t\t\"use strict\";\n\n\t\t\t$(function () {\n\t\t\t\tvar masterslider_9eab = new MasterSlider();\n\n\t\t\t\t\/\/ slider controls\n\n\t\t\t\t\/\/ slider setup\n\t\t\t\tmasterslider_9eab.setup(\"MS69e8ee0789eab\", {\n\t\t\t\t\t\twidth           : 800,\n\t\t\t\t\t\theight          : 480,\n\t\t\t\t\t\tminHeight       : 0,\n\t\t\t\t\t\tspace           : 0,\n\t\t\t\t\t\tstart           : 1,\n\t\t\t\t\t\tgrabCursor      : true,\n\t\t\t\t\t\tswipe           : true,\n\t\t\t\t\t\tmouse           : true,\n\t\t\t\t\t\tlayout          : \"fullwidth\",\n\t\t\t\t\t\twheel           : false,\n\t\t\t\t\t\tautoplay        : false,\n\t\t\t\t\t\tinstantStartLayers:false,\n\t\t\t\t\t\tloop            : false,\n\t\t\t\t\t\tshuffle         : false,\n\t\t\t\t\t\tpreload         : 0,\n\t\t\t\t\t\theightLimit     : true,\n\t\t\t\t\t\tautoHeight      : false,\n\t\t\t\t\t\tsmoothHeight    : true,\n\t\t\t\t\t\tendPause        : false,\n\t\t\t\t\t\toverPause       : true,\n\t\t\t\t\t\tfillMode        : \"fill\",\n\t\t\t\t\t\tcenterControls  : false,\n\t\t\t\t\t\tstartOnAppear   : false,\n\t\t\t\t\t\tlayersMode      : \"center\",\n\t\t\t\t\t\thideLayers      : false,\n\t\t\t\t\t\tfullscreenMargin: 0,\n\t\t\t\t\t\tspeed           : 20,\n\t\t\t\t\t\tdir             : \"h\",\n\t\t\t\t\t\tparallaxMode    : 'swipe',\n\t\t\t\t\t\tview            : \"basic\"\n\t\t\t\t});\n\n\t\t\t\t\n\t\t\t\twindow.masterslider_instances = window.masterslider_instances || [];\n\t\t\t\twindow.masterslider_instances.push( masterslider_9eab );\n\t\t\t });\n\n\t\t})(jQuery);\n\t\t<\/script>\n\n<\/div>[\/vc_column][\/vc_row][vc_row equal_columns=&#8220;true&#8220; css=&#8220;.vc_custom_1490170335601{margin-bottom: 60px !important;}&#8220;][vc_column width=&#8220;1\/4&#8243;][vc_column_text]\n<h1 style=\"text-align: left;\">Restaurant<\/h1>\n<h2 style=\"text-align: left;\">Neuinterpretation der traditionellen K\u00fcche<\/h2>\n[\/vc_column_text][\/vc_column][vc_column width=&#8220;3\/4&#8243;][vc_column_text]Unsere einheimischen Gerichte sind eine Frucht der Liebe, die der Chefkoch Tom Oberdan der K\u00fcche selbst und dem Karst erweist. Tom, ein Koch mit angeborener Liebe zum Kochen, liegen urspr\u00fcngliche saisonale Produkte besonders am Herzen und er bedient sich ihrer gro\u00dfz\u00fcgig, darum gibt er lokalen Gerichten den Vorzug. Teigwaren, Brot, hausgemachte Desserts, Fleisch am Rost \u2013 dabei entfaltet sich sein meisterliches Gesp\u00fcr am besten. Ein wahres Freudenfest an urspr\u00fcnglichen und einfachen Geschm\u00e4ckern![\/vc_column_text][\/vc_column][\/vc_row][vc_row equal_columns=&#8220;true&#8220;][vc_column width=&#8220;1\/4&#8243; css=&#8220;.vc_custom_1487165599065{background-color: # !important;}&#8220;][\/vc_column][vc_column width=&#8220;1\/4&#8243;][vc_single_image image=&#8220;10461&#8243; img_size=&#8220;400&#215;420&#8243;][\/vc_column][vc_column width=&#8220;2\/4&#8243;][vc_column_text el_class=&#8220;dark orario-testo&#8220;]\n<h6><strong> \u00d6ffnungszeiten<\/strong><\/h6>\n<p>Montags: GESCHLOSSEN<br \/>\nDienstags: 19.00 &#8211; 22.00<br \/>\nMittwochs: 19.00 &#8211; 22.00<br \/>\nDonnerstags: 12.00 &#8211; 14.30 \u00a0\/ \u00a019.00 &#8211; 22.00<br \/>\nFreitags: 12.00 &#8211; 14.30 \u00a0\/ \u00a019.00 &#8211; 22.00<br \/>\nSamstags: 12.00 &#8211; 14.30 \u00a0\/ \u00a019.00 &#8211; 22.00<br \/>\nSonntags: 12.00 &#8211; 15.00<\/p>\n<h6><strong> Reservierungen<\/strong><\/h6>\n<p>tel. +39 040 922 0286[\/vc_column_text][\/vc_column][\/vc_row][vc_row][vc_column width=&#8220;1\/4&#8243; css=&#8220;.vc_custom_1487165599065{background-color: # !important;}&#8220;][\/vc_column][vc_column width=&#8220;1\/4&#8243;][vc_single_image image=&#8220;10370&#8243; img_size=&#8220;400&#215;400&#8243;][\/vc_column][vc_column width=&#8220;1\/4&#8243;][vc_single_image image=&#8220;10338&#8243; img_size=&#8220;400&#215;400&#8243;][\/vc_column][vc_column width=&#8220;1\/4&#8243;][vc_single_image image=&#8220;10415&#8243; img_size=&#8220;400&#215;400&#8243;][\/vc_column][\/vc_row][vc_row equal_columns=&#8220;true&#8220;][vc_column width=&#8220;1\/4&#8243; css=&#8220;.vc_custom_1487165599065{background-color: # !important;}&#8220;][\/vc_column][vc_column width=&#8220;3\/4&#8243;][vc_single_image image=&#8220;10473&#8243; img_size=&#8220;full&#8220;][\/vc_column][\/vc_row]\n","protected":false},"excerpt":{"rendered":"<p>[vc_row fullwidth=&#8220;true&#8220; parallax=&#8220;content-moving&#8220; css=&#8220;.vc_custom_1641999830857{margin-top: 0px !important;margin-bottom: 60px !important;}&#8220;][vc_column][\/vc_column][\/vc_row][vc_row equal_columns=&#8220;true&#8220; css=&#8220;.vc_custom_1490170335601{margin-bottom: 60px !important;}&#8220;][vc_column width=&#8220;1\/4&#8243;][vc_column_text] Restaurant Neuinterpretation der traditionellen K\u00fcche [\/vc_column_text][\/vc_column][vc_column width=&#8220;3\/4&#8243;][vc_column_text]Unsere einheimischen Gerichte sind eine Frucht der Liebe, die der Chefkoch Tom Oberdan der K\u00fcche selbst und dem Karst erweist. Tom, ein Koch mit angeborener Liebe zum Kochen, liegen urspr\u00fcngliche saisonale Produkte besonders am Herzen und [&hellip;]<\/p>\n","protected":false},"author":1,"featured_media":0,"parent":0,"menu_order":0,"comment_status":"closed","ping_status":"closed","template":"","meta":{"_monsterinsights_skip_tracking":false,"_monsterinsights_sitenote_active":false,"_monsterinsights_sitenote_note":"","_monsterinsights_sitenote_category":0,"footnotes":""},"class_list":["post-10679","page","type-page","status-publish","hentry"],"_links":{"self":[{"href":"https:\/\/www.trattoriavaleria.it\/de\/wp-json\/wp\/v2\/pages\/10679","targetHints":{"allow":["GET"]}}],"collection":[{"href":"https:\/\/www.trattoriavaleria.it\/de\/wp-json\/wp\/v2\/pages"}],"about":[{"href":"https:\/\/www.trattoriavaleria.it\/de\/wp-json\/wp\/v2\/types\/page"}],"author":[{"embeddable":true,"href":"https:\/\/www.trattoriavaleria.it\/de\/wp-json\/wp\/v2\/users\/1"}],"replies":[{"embeddable":true,"href":"https:\/\/www.trattoriavaleria.it\/de\/wp-json\/wp\/v2\/comments?post=10679"}],"version-history":[{"count":10,"href":"https:\/\/www.trattoriavaleria.it\/de\/wp-json\/wp\/v2\/pages\/10679\/revisions"}],"predecessor-version":[{"id":11357,"href":"https:\/\/www.trattoriavaleria.it\/de\/wp-json\/wp\/v2\/pages\/10679\/revisions\/11357"}],"wp:attachment":[{"href":"https:\/\/www.trattoriavaleria.it\/de\/wp-json\/wp\/v2\/media?parent=10679"}],"curies":[{"name":"wp","href":"https:\/\/api.w.org\/{rel}","templated":true}]}}