{"id":10675,"date":"2017-07-07T10:17:10","date_gmt":"2017-07-07T08:17:10","guid":{"rendered":"http:\/\/www.trattoriavaleria.it\/de\/?page_id=10675"},"modified":"2022-01-12T15:59:59","modified_gmt":"2022-01-12T14:59:59","slug":"hotel","status":"publish","type":"page","link":"https:\/\/www.trattoriavaleria.it\/de\/hotel\/","title":{"rendered":"Hotel"},"content":{"rendered":"[vc_row fullwidth=&#8220;true&#8220; parallax=&#8220;content-moving&#8220; parallax_speed_bg=&#8220;3&#8243; css=&#8220;.vc_custom_1641999586642{margin-top: 0px !important;margin-bottom: 60px !important;}&#8220;][vc_column]<div class=\"avt_masterslider_el \" >\n\t\t<!-- MasterSlider -->\n\t\t<div id=\"P_MS69f20433e9a53\" class=\"master-slider-parent msl ms-parent-id-3\" style=\"\">\n\n\t\t\t\n\t\t\t<!-- MasterSlider Main -->\n\t\t\t<div id=\"MS69f20433e9a53\" class=\"master-slider ms-skin-light-6 round-skin\" >\n\t\t\t\t \t\t\t\t \n\t\t\t\t<div  class=\"ms-slide\" data-delay=\"3\" data-fill-mode=\"fill\"  >\n\t\t\t\t\t<img decoding=\"async\" src=\"https:\/\/www.trattoriavaleria.it\/wp-content\/plugins\/master-slider\/public\/assets\/css\/blank.gif\" alt=\"\" title=\"\" data-src=\"https:\/\/www.trattoriavaleria.it\/wp-content\/uploads\/2017\/02\/hotel-121-3.jpg\" \/>\n\n\n\t<div class=\"ms-thumb\" ><div class=\"ms-tab-context\"><div class=\"&quot;ms-tab-context&quot;\"><\/div><\/div>\n<\/div>\n\t\t\t\t<\/div>\n\n\t\t\t<\/div>\n\t\t\t<!-- END MasterSlider Main -->\n\n\t\t\t \n\t\t<\/div>\n\t\t<!-- END MasterSlider -->\n\n\t\t<script>\n\t\t(function ( $ ) {\n\t\t\t\"use strict\";\n\n\t\t\t$(function () {\n\t\t\t\tvar masterslider_9a53 = new MasterSlider();\n\n\t\t\t\t\/\/ slider controls\n\n\t\t\t\t\/\/ slider setup\n\t\t\t\tmasterslider_9a53.setup(\"MS69f20433e9a53\", {\n\t\t\t\t\t\twidth           : 800,\n\t\t\t\t\t\theight          : 480,\n\t\t\t\t\t\tminHeight       : 0,\n\t\t\t\t\t\tspace           : 0,\n\t\t\t\t\t\tstart           : 1,\n\t\t\t\t\t\tgrabCursor      : true,\n\t\t\t\t\t\tswipe           : true,\n\t\t\t\t\t\tmouse           : true,\n\t\t\t\t\t\tlayout          : \"fullwidth\",\n\t\t\t\t\t\twheel           : false,\n\t\t\t\t\t\tautoplay        : false,\n\t\t\t\t\t\tinstantStartLayers:false,\n\t\t\t\t\t\tloop            : false,\n\t\t\t\t\t\tshuffle         : false,\n\t\t\t\t\t\tpreload         : 0,\n\t\t\t\t\t\theightLimit     : true,\n\t\t\t\t\t\tautoHeight      : false,\n\t\t\t\t\t\tsmoothHeight    : true,\n\t\t\t\t\t\tendPause        : false,\n\t\t\t\t\t\toverPause       : true,\n\t\t\t\t\t\tfillMode        : \"fill\",\n\t\t\t\t\t\tcenterControls  : false,\n\t\t\t\t\t\tstartOnAppear   : false,\n\t\t\t\t\t\tlayersMode      : \"center\",\n\t\t\t\t\t\thideLayers      : false,\n\t\t\t\t\t\tfullscreenMargin: 0,\n\t\t\t\t\t\tspeed           : 20,\n\t\t\t\t\t\tdir             : \"h\",\n\t\t\t\t\t\tparallaxMode    : 'swipe',\n\t\t\t\t\t\tview            : \"basic\"\n\t\t\t\t});\n\n\t\t\t\t\n\t\t\t\twindow.masterslider_instances = window.masterslider_instances || [];\n\t\t\t\twindow.masterslider_instances.push( masterslider_9a53 );\n\t\t\t });\n\n\t\t})(jQuery);\n\t\t<\/script>\n\n<\/div>[\/vc_column][\/vc_row][vc_row css=&#8220;.vc_custom_1489152735681{padding-bottom: 60px !important;}&#8220;][vc_column width=&#8220;1\/4&#8243;][vc_column_text]\n<h1 style=\"text-align: left;\">HOTEL<\/h1>\n<h2 style=\"text-align: right;\"><\/h2>\n[\/vc_column_text][\/vc_column][vc_column width=&#8220;3\/4&#8243;][vc_column_text]Im Gasthaus &amp; Hotel Valeria in Opicina f\u00fchlt sich der Gast schon immer zu Hause! Ungek\u00fcnsteltheit, Komfort und Urspr\u00fcnglichkeit sind die Schl\u00fcsselw\u00f6rter, die das Hotel Valeria kennzeichnen. Es wurde von den neuen Besitzern Jana und Tom vor Kurzem komplett renoviert. Es liegt unweit des Grenz\u00fcbergangs zu Slowenien im Zentrum von Opicina, einem kleinen Karstdorf, das mit dem Stadtzentrum von Triest durch die historische Stra\u00dfenbahn von Opicina verbunden wird. Das Hotel verf\u00fcht \u00fcber zw\u00f6lf Zimmer mit Bad, sie unterscheiden sich voneinander durch ihre Farbe. Die Zimmer sind ger\u00e4umig, hell und bequem, modern und zur\u00fcckhaltend gestaltet, alle klimatisiert und schallisoliert. Das Fr\u00fchst\u00fccksbffet wartet mit charakteristischen lokalen Speisen aus eigener Erzeugung auf. Das Fr\u00fchst\u00fcck wird in der \u0160aleta neben dem Restaurant eingenommen. Hotelg\u00e4ste k\u00f6nnen aber auch einen Tisch im Restaurant reservieren, das geschickt und f\u00fcrsorglich von Tom gef\u00fchrt wird, der viel Gef\u00fchl f\u00fcr ausgezeichnete und meisterlich neuinterpretierte traditionelle Gerichte lokalen Ursprungs hat.[\/vc_column_text][\/vc_column][\/vc_row][vc_row equal_columns=&#8220;true&#8220;][vc_column width=&#8220;1\/4&#8243;][\/vc_column][vc_column width=&#8220;3\/4&#8243;][vc_single_image image=&#8220;10579&#8243; img_size=&#8220;full&#8220;][\/vc_column][\/vc_row][vc_row equal_columns=&#8220;true&#8220;][vc_column width=&#8220;1\/4&#8243;][\/vc_column][vc_column width=&#8220;1\/4&#8243;][vc_single_image image=&#8220;10246&#8243; img_size=&#8220;large&#8220;][\/vc_column][vc_column width=&#8220;1\/4&#8243;][vc_single_image image=&#8220;10623&#8243; img_size=&#8220;large&#8220; css=&#8220;.vc_custom_1491232258196{margin-bottom: 0px !important;}&#8220;][\/vc_column][vc_column width=&#8220;1\/4&#8243;][vc_single_image image=&#8220;10583&#8243; img_size=&#8220;large&#8220;][\/vc_column][\/vc_row][vc_row][vc_column width=&#8220;1\/4&#8243;][\/vc_column][vc_column width=&#8220;1\/4&#8243;][mk_custom_list]\n<ul>\n<li><strong> Zimmertypen:<\/strong> Zweibettzimmer f\u00fcr zwei Personen, Zweibettzimmer f\u00fcr eine Person<\/li>\n<li><strong> Bad:<\/strong> Dusche, F\u00f6hn, pers\u00f6nliche Hygienemittel, WC, Bidet<\/li>\n<li><strong> Medien:<\/strong> Telefon, TV mit Flachbildschirm, kostenloses WLAN<\/li>\n<li><strong> Zimmerausstattung:<\/strong> Klimaanlage mit individueller Regulierung, Schallisolierung, Kleiderschrank, Safe, Wasserkocher<\/li>\n<li><strong> Leistungen:<\/strong> \u00dcbernachtung mit Fr\u00fchst\u00fcck<\/li>\n<li><strong> Fr\u00fchst\u00fcck:<\/strong> Fr\u00fchst\u00fccksbuffet in der \u0160aleta von 7:00 bis 10:00 Uhr<\/li>\n<li><strong> Parkplatz:<\/strong> kostenlos, ungesichert<\/li>\n<li><strong> Anreise:<\/strong> 14:00\u201319:00 Uhr<\/li>\n<li><strong> Abreise:<\/strong> bis 11:00 Uhr<\/li>\n<li><strong> \u00d6ffnungszeiten:<\/strong> t\u00e4glich<\/li>\n<li><strong> Zahlungsart:<\/strong> alle \u00fcblichen Kreditkarten (ausgenommen Diners und American Express)<\/li>\n<\/ul>\n[\/mk_custom_list][\/vc_column][vc_column width=&#8220;1\/4&#8243;][mk_table style=&#8220;style2&#8243;]\n<table width=\"100%\" cellspacing=\"0\" cellpadding=\"4\">\n<colgroup>\n<col width=\"63*\" \/>\n<col width=\"62*\" \/>\n<col width=\"68*\" \/>\n<col width=\"63*\" \/> <\/colgroup>\n<tbody>\n<tr valign=\"top\">\n<td colspan=\"2\" width=\"50%\">\n<p style=\"text-align: center;\" align=\"left\"><b>Zweibettzimmer f\u00fcr 2 Personen<\/b><\/p>\n<\/td>\n<td colspan=\"2\" width=\"50%\">\n<p style=\"text-align: center;\" align=\"left\">Zweibettzimmer f\u00fcr <b>1 Person<\/b><\/p>\n<\/td>\n<\/tr>\n<tr>\n<td colspan=\"2\" rowspan=\"2\" width=\"50%\">\n<p style=\"text-align: center;\" align=\"left\">\u20ac 100,00<br \/>\n<span style=\"font-size: small;\">pro Tag und Zimmer<\/span><\/p>\n<\/td>\n<td colspan=\"2\" rowspan=\"2\" width=\"50%\">\n<p align=\"center\">\u20ac 80,00<br \/>\n<span style=\"font-size: small;\">pro Tag<\/span><\/p>\n<\/td>\n<\/tr>\n<\/tbody>\n<\/table>\n<p>Nicht inbegriffen: \u20ac 2.00 Tourismusabgabe pro Person pro Nacht[\/mk_table][vc_btn title=&#8220;RICHIEDI PREVENTIVO&#8220; shape=&#8220;square&#8220; color=&#8220;sky&#8220; size=&#8220;lg&#8220; align=&#8220;center&#8220; i_icon_fontawesome=&#8220;fa fa-book&#8220; css_animation=&#8220;bounceIn&#8220; button_block=&#8220;true&#8220; add_icon=&#8220;true&#8220; link=&#8220;url:http%3A%2F%2Fhotelvaleria.smpl.pro%2F%3Fpage_id%3D10148|||&#8220;][\/vc_column][vc_column width=&#8220;1\/4&#8243;][mk_table style=&#8220;style2&#8243;]\n<table width=\"100%\" cellspacing=\"0\" cellpadding=\"4\">\n<colgroup>\n<col width=\"125*\" \/>\n<col width=\"131*\" \/> <\/colgroup>\n<tbody>\n<tr>\n<td colspan=\"2\" valign=\"top\" width=\"100%\"><span style=\"font-size: small;\"><b>Allgemeine Bedingungen<br \/>\n* <span style=\"font-size: xx-small;\">n\u00e4here Informationen siehe unten <\/span><\/b><\/span><\/td>\n<\/tr>\n<tr>\n<td valign=\"top\" width=\"49%\">0 \u2013 2 Jahre<\/p>\n<p>Kinderbett bei Bedarf<\/td>\n<td width=\"51%\">\n<p align=\"right\">\u20ac 7,00 \/ pro Tag<\/p>\n<\/td>\n<\/tr>\n<tr valign=\"top\">\n<td width=\"49%\">2 \u2013 12 anni<\/td>\n<td width=\"51%\">\n<p align=\"right\">\u20ac 20,00 \/ pro Tag<\/p>\n<\/td>\n<\/tr>\n<tr valign=\"top\">\n<td width=\"49%\">Drittes Bett \u2013 Erwachsene<\/td>\n<td width=\"51%\">\n<p align=\"right\">\u20ac 35,00 \/ pro Tag<\/p>\n<\/td>\n<\/tr>\n<tr>\n<td colspan=\"2\" valign=\"top\" width=\"100%\">Halbpension \u2013 <span style=\"font-size: small;\">auf Wunsch im Restaurant<\/span><\/td>\n<\/tr>\n<\/tbody>\n<\/table>\n[\/mk_table][\/vc_column][\/vc_row][vc_row][vc_column][vc_empty_space][\/vc_column][\/vc_row][vc_row][vc_column width=&#8220;1\/4&#8243;][\/vc_column][vc_column width=&#8220;1\/4&#8243;][vc_column_text title=&#8220;*Allgemeine Bedingungen&#8220; el_class=&#8220;small&#8220;]\n<ul>\n<li>F\u00fcr andere Zimmertypen Preis auf Anfrage<\/li>\n<li>F\u00fcr Halbpensionsg\u00e4ste gibt es die M\u00f6glichkeit, zwischen 19:00 bis 22:00 Uhr im Restaurant Valeria ein \u00c0-la-carte-Abendessen einzunehmen.<\/li>\n<li>Der Parkplatz ist kostenlos und ungesichert.<\/li>\n<li>In allem Zimmern stehen zur Verf\u00fcgung: LCD-Farbfernseher, Telefon, Safe und Wasserkocher.<\/li>\n<li>Das Zimmer steht am Anreisetag ab 14:00 Uhr und am Abreisetag bis 11:00 zur Verf\u00fcgung.<\/li>\n<li>M\u00f6glichkeit der Aufnahme von kleinen Haustieren.<\/li>\n<li>Die Direktion \u00fcbernimmt keine Verantwortung f\u00fcr unbeaufsichtigte pers\u00f6nliche Gegenst\u00e4nde.<\/li>\n<li>Kostenlose WLAN-Internetverbindung<\/li>\n<\/ul>\n[\/vc_column_text][\/vc_column][vc_column width=&#8220;1\/4&#8243;][vc_column_text title=&#8220;Reservierung&#8220; el_class=&#8220;small&#8220;]Eine Reservierung gilt nach Einzahlung einer 30-prozentigen Anzahlung des Geamtbetrages als best\u00e4tigt. Die Anzahlung kann unter Angabe der Reservierungsdaten durch Bank\u00fcberweisung oder mittels Kreditkarte get\u00e4tigt werden.<br \/>\nNichtr\u00fcckzahlbare Anzahlung: F\u00fcr eine Reservierung mittels nichtr\u00fcckzahlbarer Anzahlung wird eine Steuerrechnung sofort nach Zahlungseingang ausgestellt. Sollten Sie die Ausstellung einer Rechnung mit Steuernummer ben\u00f6tigen, ersuchen wir Sie, uns dies bei der Reservierungsbest\u00e4tigung unter Angabe aller n\u00f6tigen Fakturierungsdaten mitzuteilen.[\/vc_column_text][\/vc_column][vc_column width=&#8220;1\/4&#8243;][vc_column_text title=&#8220;Bedingungen&#8220; el_class=&#8220;small&#8220;]Bei Teil- oder Totalstornos sind folgende Geb\u00fchren vorgesehen:<br \/>\nbis 30 Tage vor der vorgesehenen Anreise wird die Anzahlung zur G\u00e4nze r\u00fcckerstattet;<br \/>\n29 bis 15 Tage vor der Anreise werden 40 % der geleisteten Anzahlung einbehalten;<br \/>\n14 bis 5 Tage vor der Anreise werden 70 % der geleisteten Anzahlung einbehalten;<br \/>\nweniger als 5 Tage vor der Anreise werden 100 % der geleisteten Anzahlung einbehalten;<br \/>\nno show: 100 % der geleisteten Anzahlung; der Gesamtbetrag der Reservierung wird in Rechnung gestellt.[\/vc_column_text][\/vc_column][\/vc_row][vc_row][vc_column][vc_empty_space][\/vc_column][\/vc_row]\n","protected":false},"excerpt":{"rendered":"<p>[vc_row fullwidth=&#8220;true&#8220; parallax=&#8220;content-moving&#8220; parallax_speed_bg=&#8220;3&#8243; css=&#8220;.vc_custom_1641999586642{margin-top: 0px !important;margin-bottom: 60px !important;}&#8220;][vc_column][\/vc_column][\/vc_row][vc_row css=&#8220;.vc_custom_1489152735681{padding-bottom: 60px !important;}&#8220;][vc_column width=&#8220;1\/4&#8243;][vc_column_text] HOTEL [\/vc_column_text][\/vc_column][vc_column width=&#8220;3\/4&#8243;][vc_column_text]Im Gasthaus &amp; Hotel Valeria in Opicina f\u00fchlt sich der Gast schon immer zu Hause! Ungek\u00fcnsteltheit, Komfort und Urspr\u00fcnglichkeit sind die Schl\u00fcsselw\u00f6rter, die das Hotel Valeria kennzeichnen. Es wurde von den neuen Besitzern Jana und Tom vor Kurzem komplett renoviert. [&hellip;]<\/p>\n","protected":false},"author":1,"featured_media":11127,"parent":0,"menu_order":0,"comment_status":"closed","ping_status":"closed","template":"","meta":{"_monsterinsights_skip_tracking":false,"_monsterinsights_sitenote_active":false,"_monsterinsights_sitenote_note":"","_monsterinsights_sitenote_category":0,"footnotes":""},"class_list":["post-10675","page","type-page","status-publish","has-post-thumbnail","hentry"],"_links":{"self":[{"href":"https:\/\/www.trattoriavaleria.it\/de\/wp-json\/wp\/v2\/pages\/10675","targetHints":{"allow":["GET"]}}],"collection":[{"href":"https:\/\/www.trattoriavaleria.it\/de\/wp-json\/wp\/v2\/pages"}],"about":[{"href":"https:\/\/www.trattoriavaleria.it\/de\/wp-json\/wp\/v2\/types\/page"}],"author":[{"embeddable":true,"href":"https:\/\/www.trattoriavaleria.it\/de\/wp-json\/wp\/v2\/users\/1"}],"replies":[{"embeddable":true,"href":"https:\/\/www.trattoriavaleria.it\/de\/wp-json\/wp\/v2\/comments?post=10675"}],"version-history":[{"count":7,"href":"https:\/\/www.trattoriavaleria.it\/de\/wp-json\/wp\/v2\/pages\/10675\/revisions"}],"predecessor-version":[{"id":11049,"href":"https:\/\/www.trattoriavaleria.it\/de\/wp-json\/wp\/v2\/pages\/10675\/revisions\/11049"}],"wp:featuredmedia":[{"embeddable":true,"href":"https:\/\/www.trattoriavaleria.it\/de\/wp-json\/wp\/v2\/media\/11127"}],"wp:attachment":[{"href":"https:\/\/www.trattoriavaleria.it\/de\/wp-json\/wp\/v2\/media?parent=10675"}],"curies":[{"name":"wp","href":"https:\/\/api.w.org\/{rel}","templated":true}]}}