{"id":10673,"date":"2017-07-07T10:14:28","date_gmt":"2017-07-07T08:14:28","guid":{"rendered":"http:\/\/www.trattoriavaleria.it\/de\/?page_id=10673"},"modified":"2022-01-12T15:59:00","modified_gmt":"2022-01-12T14:59:00","slug":"tom-e-jana-oberdan","status":"publish","type":"page","link":"https:\/\/www.trattoriavaleria.it\/de\/tom-e-jana-oberdan\/","title":{"rendered":"Tom e Jana Oberdan"},"content":{"rendered":"[vc_row fullwidth=&#8220;true&#8220; video_bg=&#8220;true&#8220; video_bg_url=&#8220;&#8220; css=&#8220;.vc_custom_1641999528329{margin-top: 0px !important;margin-bottom: 60px !important;}&#8220;][vc_column]<div class=\"avt_masterslider_el \" >\n\t\t<!-- MasterSlider -->\n\t\t<div id=\"P_MS69e8ee7ed80d7\" class=\"master-slider-parent msl ms-parent-id-2\" style=\"\">\n\n\t\t\t\n\t\t\t<!-- MasterSlider Main -->\n\t\t\t<div id=\"MS69e8ee7ed80d7\" class=\"master-slider ms-skin-light-6 round-skin\" >\n\t\t\t\t \t\t\t\t \n\t\t\t\t<div  class=\"ms-slide\" data-delay=\"3\" data-fill-mode=\"fill\"  >\n\t\t\t\t\t<img decoding=\"async\" src=\"https:\/\/www.trattoriavaleria.it\/wp-content\/plugins\/master-slider\/public\/assets\/css\/blank.gif\" alt=\"\" title=\"\" data-src=\"https:\/\/www.trattoriavaleria.it\/wp-content\/uploads\/2014\/09\/hotel-valeria-photo-ziga-intihar-155.jpg\" \/>\n\n\n\t<div class=\"ms-thumb\" ><div class=\"ms-tab-context\"><div class=\"&quot;ms-tab-context&quot;\"><\/div><\/div>\n<\/div>\n\t\t\t\t<\/div>\n\n\t\t\t<\/div>\n\t\t\t<!-- END MasterSlider Main -->\n\n\t\t\t \n\t\t<\/div>\n\t\t<!-- END MasterSlider -->\n\n\t\t<script>\n\t\t(function ( $ ) {\n\t\t\t\"use strict\";\n\n\t\t\t$(function () {\n\t\t\t\tvar masterslider_80d7 = new MasterSlider();\n\n\t\t\t\t\/\/ slider controls\n\n\t\t\t\t\/\/ slider setup\n\t\t\t\tmasterslider_80d7.setup(\"MS69e8ee7ed80d7\", {\n\t\t\t\t\t\twidth           : 800,\n\t\t\t\t\t\theight          : 480,\n\t\t\t\t\t\tminHeight       : 0,\n\t\t\t\t\t\tspace           : 0,\n\t\t\t\t\t\tstart           : 1,\n\t\t\t\t\t\tgrabCursor      : true,\n\t\t\t\t\t\tswipe           : true,\n\t\t\t\t\t\tmouse           : true,\n\t\t\t\t\t\tlayout          : \"fullwidth\",\n\t\t\t\t\t\twheel           : false,\n\t\t\t\t\t\tautoplay        : false,\n\t\t\t\t\t\tinstantStartLayers:false,\n\t\t\t\t\t\tloop            : false,\n\t\t\t\t\t\tshuffle         : false,\n\t\t\t\t\t\tpreload         : 0,\n\t\t\t\t\t\theightLimit     : true,\n\t\t\t\t\t\tautoHeight      : false,\n\t\t\t\t\t\tsmoothHeight    : true,\n\t\t\t\t\t\tendPause        : false,\n\t\t\t\t\t\toverPause       : true,\n\t\t\t\t\t\tfillMode        : \"fill\",\n\t\t\t\t\t\tcenterControls  : false,\n\t\t\t\t\t\tstartOnAppear   : false,\n\t\t\t\t\t\tlayersMode      : \"center\",\n\t\t\t\t\t\thideLayers      : false,\n\t\t\t\t\t\tfullscreenMargin: 0,\n\t\t\t\t\t\tspeed           : 20,\n\t\t\t\t\t\tdir             : \"h\",\n\t\t\t\t\t\tparallaxMode    : 'swipe',\n\t\t\t\t\t\tview            : \"basic\"\n\t\t\t\t});\n\n\t\t\t\t\n\t\t\t\twindow.masterslider_instances = window.masterslider_instances || [];\n\t\t\t\twindow.masterslider_instances.push( masterslider_80d7 );\n\t\t\t });\n\n\t\t})(jQuery);\n\t\t<\/script>\n\n<\/div>[\/vc_column][\/vc_row][vc_row css=&#8220;.vc_custom_1489152786882{padding-bottom: 60px !important;}&#8220;][vc_column width=&#8220;1\/4&#8243;][vc_column_text]\n<h1 style=\"text-align: left;\">TOM E JANA OBERDAN<\/h1>\n<h2 style=\"text-align: left;\">Unsere Familie<\/h2>\n[\/vc_column_text][\/vc_column][vc_column width=&#8220;3\/4&#8243;][vc_column_text]Tom erwirbt seine grundlegenden F\u00e4higkeiten mit achtzehn Jahren im Badia-Tal, wo er vier intensive Jahre unter der Leitung kompetenter Lehrer und annerkannter K\u00fcchenmeiser verbringt. Es ist eine Lebenserfahrung von fundamentaler Bedeutung, denn Tom bekommt Organisationsf\u00e4higkeiten und Grunds\u00e4tze selbst\u00e4ndiger Unternehmensf\u00fchrung vermittelt. Danach sammelt er Erfahrungen in einem bekannten italienischen Restaurant in Griechenland. Ein letztes Mal schl\u00fcpft er in die Rolle eines unselbst\u00e4ndig Besch\u00e4ftigten: Er nimmt eine Anstellung im Gastbetrieb Valeria an, das zu jener Zeit im Karst sehr anerkannt ist. 2007 heiratet er Jana. In der Ehe werden den beiden Mateja und Gregor geboren.<br \/>\nSchlie\u00dflich bietet sich 2010 eine sch\u00f6ne Gelegenheit: Im Monat Mai \u00fcbernimmt Tom gemeinsam mit Jana das eingef\u00fchrte Gasthaus Bak und beh\u00e4lt aus Respekt f\u00fcr die Vorbesitzer den urspr\u00fcnglichen Namen des Gasthauses bei. Sechs Jahre sp\u00e4ter, genauer im Januar 2017, der gro\u00dfe Wendepunkt: Tom und Jana nehmen eine neue Herausforderung an und er\u00f6ffnen das Gasthaus &amp; Hotel Valeria.[\/vc_column_text][\/vc_column][\/vc_row][vc_row equal_columns=&#8220;true&#8220;][vc_column width=&#8220;1\/4&#8243; css=&#8220;.vc_custom_1487948135535{background-color: #b19484 !important;}&#8220; el_class=&#8220;dark&#8220;][vc_column_text]\n<h4><span style=\"color: #ffffff;\"><em>\u2026 Gastfreundschaft und authentische Speisen<\/em><\/span><\/h4>\n<p>Jana, Tom, Mateja und Gregor. Eine kleine Familie, die auf Gastfreundschaft setzt. Das Hotel ist stolz auf die bequemen Zimmer und das Fr\u00fchst\u00fcck mit bodenst\u00e4ndigen Speisen. In der K\u00fcche versteht es Tom vorz\u00fcglich und mit meisterlichem Gesp\u00fcr, neuinterpretierte traditionelle Gerichte vorzubereiten, die aufgrund der lokalen Zutaten mit null Transportkilometern noch besser munden.[\/vc_column_text][\/vc_column][vc_column width=&#8220;3\/4&#8243; css=&#8220;.vc_custom_1487948402575{background-position: center !important;background-repeat: no-repeat !important;background-size: cover !important;}&#8220;][vc_single_image image=&#8220;10158&#8243; img_size=&#8220;full&#8220; css=&#8220;.vc_custom_1490884339511{margin-bottom: 0px !important;}&#8220;][\/vc_column][\/vc_row][vc_row][vc_column][vc_empty_space][\/vc_column][\/vc_row]\n","protected":false},"excerpt":{"rendered":"<p>[vc_row fullwidth=&#8220;true&#8220; video_bg=&#8220;true&#8220; video_bg_url=&#8220;&#8220; css=&#8220;.vc_custom_1641999528329{margin-top: 0px !important;margin-bottom: 60px !important;}&#8220;][vc_column][\/vc_column][\/vc_row][vc_row css=&#8220;.vc_custom_1489152786882{padding-bottom: 60px !important;}&#8220;][vc_column width=&#8220;1\/4&#8243;][vc_column_text] TOM E JANA OBERDAN Unsere Familie [\/vc_column_text][\/vc_column][vc_column width=&#8220;3\/4&#8243;][vc_column_text]Tom erwirbt seine grundlegenden F\u00e4higkeiten mit achtzehn Jahren im Badia-Tal, wo er vier intensive Jahre unter der Leitung kompetenter Lehrer und annerkannter K\u00fcchenmeiser verbringt. Es ist eine Lebenserfahrung von fundamentaler Bedeutung, denn Tom bekommt Organisationsf\u00e4higkeiten [&hellip;]<\/p>\n","protected":false},"author":1,"featured_media":0,"parent":0,"menu_order":0,"comment_status":"closed","ping_status":"closed","template":"","meta":{"_monsterinsights_skip_tracking":false,"_monsterinsights_sitenote_active":false,"_monsterinsights_sitenote_note":"","_monsterinsights_sitenote_category":0,"footnotes":""},"class_list":["post-10673","page","type-page","status-publish","hentry"],"_links":{"self":[{"href":"https:\/\/www.trattoriavaleria.it\/de\/wp-json\/wp\/v2\/pages\/10673","targetHints":{"allow":["GET"]}}],"collection":[{"href":"https:\/\/www.trattoriavaleria.it\/de\/wp-json\/wp\/v2\/pages"}],"about":[{"href":"https:\/\/www.trattoriavaleria.it\/de\/wp-json\/wp\/v2\/types\/page"}],"author":[{"embeddable":true,"href":"https:\/\/www.trattoriavaleria.it\/de\/wp-json\/wp\/v2\/users\/1"}],"replies":[{"embeddable":true,"href":"https:\/\/www.trattoriavaleria.it\/de\/wp-json\/wp\/v2\/comments?post=10673"}],"version-history":[{"count":2,"href":"https:\/\/www.trattoriavaleria.it\/de\/wp-json\/wp\/v2\/pages\/10673\/revisions"}],"predecessor-version":[{"id":11048,"href":"https:\/\/www.trattoriavaleria.it\/de\/wp-json\/wp\/v2\/pages\/10673\/revisions\/11048"}],"wp:attachment":[{"href":"https:\/\/www.trattoriavaleria.it\/de\/wp-json\/wp\/v2\/media?parent=10673"}],"curies":[{"name":"wp","href":"https:\/\/api.w.org\/{rel}","templated":true}]}}