{"id":10671,"date":"2017-07-07T10:29:21","date_gmt":"2017-07-07T08:29:21","guid":{"rendered":"http:\/\/www.trattoriavaleria.it\/de\/?page_id=10671"},"modified":"2022-01-12T15:54:50","modified_gmt":"2022-01-12T14:54:50","slug":"homepage","status":"publish","type":"page","link":"https:\/\/www.trattoriavaleria.it\/de\/","title":{"rendered":"Homepage"},"content":{"rendered":"[vc_row fullwidth=&#8220;true&#8220;][vc_column]<div class=\"avt_masterslider_el \" >\n\t\t<!-- MasterSlider -->\n\t\t<div id=\"P_MS69e585a49d1fc\" class=\"master-slider-parent msl ms-parent-id-1\" style=\"\">\n\n\t\t\t\n\t\t\t<!-- MasterSlider Main -->\n\t\t\t<div id=\"MS69e585a49d1fc\" class=\"master-slider ms-skin-light-3\" >\n\t\t\t\t \t\t\t\t \n\t\t\t\t<div  class=\"ms-slide\" data-delay=\"3\" data-fill-mode=\"fill\"  >\n\t\t\t\t\t<img decoding=\"async\" src=\"https:\/\/www.trattoriavaleria.it\/wp-content\/plugins\/master-slider\/public\/assets\/css\/blank.gif\" alt=\"\" title=\"\" data-src=\"https:\/\/www.trattoriavaleria.it\/wp-content\/uploads\/2014\/09\/hotel-valeria-photo-ziga-intihar-154.jpg\" \/>\n\n\n\t<div class=\"ms-thumb\" ><div class=\"ms-tab-context\"><div class=\"&quot;ms-tab-context&quot;\"><\/div><\/div>\n<\/div>\n\t\t\t\t<\/div>\n\t\t\t\t<div  class=\"ms-slide\" data-delay=\"3\" data-fill-mode=\"fill\"  >\n\t\t\t\t\t<img decoding=\"async\" src=\"https:\/\/www.trattoriavaleria.it\/wp-content\/plugins\/master-slider\/public\/assets\/css\/blank.gif\" alt=\"\" title=\"\" data-src=\"https:\/\/www.trattoriavaleria.it\/wp-content\/uploads\/2014\/09\/hotel-valeria-photo-ziga-intihar-165.jpg\" \/>\n\n\n\t<div class=\"ms-thumb\" ><div class=\"ms-tab-context\"><div class=\"&quot;ms-tab-context&quot;\"><\/div><\/div>\n<\/div>\n\t\t\t\t<\/div>\n\t\t\t\t<div  class=\"ms-slide\" data-delay=\"3\" data-fill-mode=\"fill\"  >\n\t\t\t\t\t<img decoding=\"async\" src=\"https:\/\/www.trattoriavaleria.it\/wp-content\/plugins\/master-slider\/public\/assets\/css\/blank.gif\" alt=\"\" title=\"\" data-src=\"https:\/\/www.trattoriavaleria.it\/wp-content\/uploads\/2014\/09\/hotel-valeria-photo-ziga-intihar-132.jpg\" \/>\n\n\n\t<div class=\"ms-thumb\" ><div class=\"ms-tab-context\"><div class=\"&quot;ms-tab-context&quot;\"><\/div><\/div>\n<\/div>\n\t\t\t\t<\/div>\n\t\t\t\t<div  class=\"ms-slide\" data-delay=\"3\" data-fill-mode=\"fill\"  >\n\t\t\t\t\t<img decoding=\"async\" src=\"https:\/\/www.trattoriavaleria.it\/wp-content\/plugins\/master-slider\/public\/assets\/css\/blank.gif\" alt=\"\" title=\"\" data-src=\"https:\/\/www.trattoriavaleria.it\/wp-content\/uploads\/2017\/04\/slider04.jpg\" \/>\n\n\n\t<div class=\"ms-thumb\" ><div class=\"ms-tab-context\"><div class=\"&quot;ms-tab-context&quot;\"><\/div><\/div>\n<\/div>\n\t\t\t\t<\/div>\n\n\t\t\t<\/div>\n\t\t\t<!-- END MasterSlider Main -->\n\n\t\t\t \n\t\t<\/div>\n\t\t<!-- END MasterSlider -->\n\n\t\t<script>\n\t\t(function ( $ ) {\n\t\t\t\"use strict\";\n\n\t\t\t$(function () {\n\t\t\t\tvar masterslider_d1fc = new MasterSlider();\n\n\t\t\t\t\/\/ slider controls\n\t\t\t\tmasterslider_d1fc.control('arrows'     ,{ autohide:true, overVideo:true  });\t\t\t\tmasterslider_d1fc.control('bullets'    ,{ autohide:true, overVideo:true, dir:'h', align:'bottom' , margin:10  });\n\n\t\t\t\tmasterslider_d1fc.control('circletimer',{ autohide:false, overVideo:true, color:'#434343', radius:10, stroke:3   });\n\t\t\t\t\/\/ slider setup\n\t\t\t\tmasterslider_d1fc.setup(\"MS69e585a49d1fc\", {\n\t\t\t\t\t\twidth           : 1920,\n\t\t\t\t\t\theight          : 1070,\n\t\t\t\t\t\tminHeight       : 0,\n\t\t\t\t\t\tspace           : 0,\n\t\t\t\t\t\tstart           : 1,\n\t\t\t\t\t\tgrabCursor      : true,\n\t\t\t\t\t\tswipe           : true,\n\t\t\t\t\t\tmouse           : true,\n\t\t\t\t\t\tlayout          : \"fullwidth\",\n\t\t\t\t\t\twheel           : false,\n\t\t\t\t\t\tautoplay        : true,\n\t\t\t\t\t\tinstantStartLayers:false,\n\t\t\t\t\t\tloop            : true,\n\t\t\t\t\t\tshuffle         : false,\n\t\t\t\t\t\tpreload         : 0,\n\t\t\t\t\t\theightLimit     : true,\n\t\t\t\t\t\tautoHeight      : false,\n\t\t\t\t\t\tsmoothHeight    : true,\n\t\t\t\t\t\tendPause        : false,\n\t\t\t\t\t\toverPause       : true,\n\t\t\t\t\t\tfillMode        : \"fill\",\n\t\t\t\t\t\tcenterControls  : true,\n\t\t\t\t\t\tstartOnAppear   : false,\n\t\t\t\t\t\tlayersMode      : \"center\",\n\t\t\t\t\t\thideLayers      : false,\n\t\t\t\t\t\tfullscreenMargin: 0,\n\t\t\t\t\t\tspeed           : 20,\n\t\t\t\t\t\tdir             : \"h\",\n\t\t\t\t\t\tparallaxMode    : 'swipe',\n\t\t\t\t\t\tview            : \"basic\"\n\t\t\t\t});\n\n\t\t\t\t\n\t\t\t\twindow.masterslider_instances = window.masterslider_instances || [];\n\t\t\t\twindow.masterslider_instances.push( masterslider_d1fc );\n\t\t\t });\n\n\t\t})(jQuery);\n\t\t<\/script>\n\n<\/div>[mk_divider style=&#8220;thin_solid&#8220; thin_color_style=&#8220;gradient_color&#8220; thin_grandient_color_from=&#8220;#f97352&#8243; thin_grandient_color_to=&#8220;#3a98fe&#8220; thin_gradient_color_angle=&#8220;horizontal&#8220; thickness=&#8220;6&#8243; margin_top=&#8220;0&#8243; margin_bottom=&#8220;0&#8243;][\/vc_column][\/vc_row][vc_row][vc_column][vc_empty_space][\/vc_column][\/vc_row][vc_row][vc_column width=&#8220;1\/3&#8243;][\/vc_column][vc_column width=&#8220;1\/3&#8243;][vc_single_image image=&#8220;10429&#8243; img_size=&#8220;full&#8220; alignment=&#8220;center&#8220;][mk_title_box font_family=&#8220;none&#8220;]\n<p style=\"text-align: center;\">Verf\u00fcgbarkeit im gew\u00fcnschten Zeitraum pr\u00fcfen<\/p>\n[\/mk_title_box]\n<div class=\"wpcf7 no-js\" id=\"wpcf7-f10688-o1\" lang=\"it-IT\" dir=\"ltr\" data-wpcf7-id=\"10688\">\n<div class=\"screen-reader-response\"><p role=\"status\" aria-live=\"polite\" aria-atomic=\"true\"><\/p> <ul><\/ul><\/div>\n<form action=\"\/de\/wp-json\/wp\/v2\/pages\/10671#wpcf7-f10688-o1\" method=\"post\" class=\"wpcf7-form init\" aria-label=\"Modulo di contatto\" novalidate=\"novalidate\" data-status=\"init\">\n<fieldset class=\"hidden-fields-container\"><input type=\"hidden\" name=\"_wpcf7\" value=\"10688\" \/><input type=\"hidden\" name=\"_wpcf7_version\" value=\"6.1.3\" \/><input type=\"hidden\" name=\"_wpcf7_locale\" value=\"it_IT\" \/><input type=\"hidden\" name=\"_wpcf7_unit_tag\" value=\"wpcf7-f10688-o1\" \/><input type=\"hidden\" name=\"_wpcf7_container_post\" value=\"0\" \/><input type=\"hidden\" name=\"_wpcf7_posted_data_hash\" value=\"\" \/><input type=\"hidden\" name=\"_wpcf7_recaptcha_response\" value=\"\" \/>\n<\/fieldset>\n<p><label> <span class=\"wpcf7-form-control-wrap\" data-name=\"your-name\"><input size=\"40\" maxlength=\"400\" class=\"wpcf7-form-control wpcf7-text wpcf7-validates-as-required\" aria-required=\"true\" aria-invalid=\"false\" placeholder=\"Name\" value=\"\" type=\"text\" name=\"your-name\" \/><\/span> <\/label><br \/>\n<label> <span class=\"wpcf7-form-control-wrap\" data-name=\"your-email\"><input size=\"40\" maxlength=\"400\" class=\"wpcf7-form-control wpcf7-email wpcf7-validates-as-required wpcf7-text wpcf7-validates-as-email\" aria-required=\"true\" aria-invalid=\"false\" placeholder=\"E-Mail\" value=\"\" type=\"email\" name=\"your-email\" \/><\/span> <\/label><br \/>\n<label> <span class=\"wpcf7-form-control-wrap\" data-name=\"your-tel\"><input size=\"40\" maxlength=\"400\" class=\"wpcf7-form-control wpcf7-tel wpcf7-validates-as-required wpcf7-text wpcf7-validates-as-tel\" aria-required=\"true\" aria-invalid=\"false\" placeholder=\"Telefon\" value=\"\" type=\"tel\" name=\"your-tel\" \/><\/span> <\/label>\n<\/p>\n<div style=\"display:inline-block;float:left;width:50%;\">\n\t<p><span class=\"wpcf7-form-control-wrap\" data-name=\"number-630\"><input class=\"wpcf7-form-control wpcf7-number wpcf7-validates-as-number\" aria-invalid=\"false\" placeholder=\"Personenanzahl\" value=\"\" type=\"number\" name=\"number-630\" \/><\/span>\n\t<\/p>\n<\/div>\n<div style=\"display:inline-block;float:left;width:50%;\">\n\t<p><span class=\"wpcf7-form-control-wrap\" data-name=\"number-632\"><input class=\"wpcf7-form-control wpcf7-number wpcf7-validates-as-number\" aria-invalid=\"false\" placeholder=\"Zimmeranzahl\" value=\"\" type=\"number\" name=\"number-632\" \/><\/span>\n\t<\/p>\n<\/div>\n<div style=\"display:inline-block;float:left;width:50%;\">\n\t<p>Von\n\t<\/p>\n<\/div>\n<div style=\"display:inline-block;float:left;width:50%;\">\n\t<p>bis\n\t<\/p>\n<\/div>\n<div style=\"display:inline-block;float:left;width:50%;\">\n\t<p><span class=\"wpcf7-form-control-wrap\" data-name=\"date-958\"><input class=\"wpcf7-form-control wpcf7-date wpcf7-validates-as-date\" aria-invalid=\"false\" placeholder=\"Von\" value=\"\" type=\"date\" name=\"date-958\" \/><\/span>\n\t<\/p>\n<\/div>\n<div style=\"display:inline-block;float:left;width:50%;\">\n\t<p><span class=\"wpcf7-form-control-wrap\" data-name=\"date-959\"><input class=\"wpcf7-form-control wpcf7-date wpcf7-validates-as-date\" aria-invalid=\"false\" placeholder=\"bis\" value=\"\" type=\"date\" name=\"date-959\" \/><\/span>\n\t<\/p>\n<\/div>\n<p><label> hai richieste particolari?<br \/>\n<span class=\"wpcf7-form-control-wrap\" data-name=\"your-message\"><input size=\"40\" maxlength=\"400\" class=\"wpcf7-form-control wpcf7-text\" aria-invalid=\"false\" placeholder=\"Deine Nachricht\" value=\"\" type=\"text\" name=\"your-message\" \/><\/span> <\/label>\n<\/p>\n<p><input class=\"wpcf7-form-control wpcf7-submit has-spinner\" type=\"submit\" value=\"Senden\" \/>\n<\/p><div class=\"wpcf7-response-output\" aria-hidden=\"true\"><\/div>\n<\/form>\n<\/div>\n[\/vc_column][vc_column width=&#8220;1\/3&#8243;][\/vc_column][\/vc_row][vc_row][vc_column][vc_empty_space][\/vc_column][\/vc_row]\n","protected":false},"excerpt":{"rendered":"<p>[vc_row fullwidth=&#8220;true&#8220;][vc_column][mk_divider style=&#8220;thin_solid&#8220; thin_color_style=&#8220;gradient_color&#8220; thin_grandient_color_from=&#8220;#f97352&#8243; thin_grandient_color_to=&#8220;#3a98fe&#8220; thin_gradient_color_angle=&#8220;horizontal&#8220; thickness=&#8220;6&#8243; margin_top=&#8220;0&#8243; margin_bottom=&#8220;0&#8243;][\/vc_column][\/vc_row][vc_row][vc_column][vc_empty_space][\/vc_column][\/vc_row][vc_row][vc_column width=&#8220;1\/3&#8243;][\/vc_column][vc_column width=&#8220;1\/3&#8243;][vc_single_image image=&#8220;10429&#8243; img_size=&#8220;full&#8220; alignment=&#8220;center&#8220;][mk_title_box font_family=&#8220;none&#8220;] Verf\u00fcgbarkeit im gew\u00fcnschten Zeitraum pr\u00fcfen [\/mk_title_box][\/vc_column][vc_column width=&#8220;1\/3&#8243;][\/vc_column][\/vc_row][vc_row][vc_column][vc_empty_space][\/vc_column][\/vc_row]<\/p>\n","protected":false},"author":1,"featured_media":0,"parent":0,"menu_order":8,"comment_status":"open","ping_status":"closed","template":"","meta":{"_monsterinsights_skip_tracking":false,"_monsterinsights_sitenote_active":false,"_monsterinsights_sitenote_note":"","_monsterinsights_sitenote_category":0,"footnotes":""},"class_list":["post-10671","page","type-page","status-publish","hentry"],"_links":{"self":[{"href":"https:\/\/www.trattoriavaleria.it\/de\/wp-json\/wp\/v2\/pages\/10671","targetHints":{"allow":["GET"]}}],"collection":[{"href":"https:\/\/www.trattoriavaleria.it\/de\/wp-json\/wp\/v2\/pages"}],"about":[{"href":"https:\/\/www.trattoriavaleria.it\/de\/wp-json\/wp\/v2\/types\/page"}],"author":[{"embeddable":true,"href":"https:\/\/www.trattoriavaleria.it\/de\/wp-json\/wp\/v2\/users\/1"}],"replies":[{"embeddable":true,"href":"https:\/\/www.trattoriavaleria.it\/de\/wp-json\/wp\/v2\/comments?post=10671"}],"version-history":[{"count":5,"href":"https:\/\/www.trattoriavaleria.it\/de\/wp-json\/wp\/v2\/pages\/10671\/revisions"}],"predecessor-version":[{"id":11041,"href":"https:\/\/www.trattoriavaleria.it\/de\/wp-json\/wp\/v2\/pages\/10671\/revisions\/11041"}],"wp:attachment":[{"href":"https:\/\/www.trattoriavaleria.it\/de\/wp-json\/wp\/v2\/media?parent=10671"}],"curies":[{"name":"wp","href":"https:\/\/api.w.org\/{rel}","templated":true}]}}